{"id":5976,"date":"2024-08-25T18:04:47","date_gmt":"2024-08-25T18:04:47","guid":{"rendered":"https:\/\/explorum.ca\/services-2\/"},"modified":"2025-10-29T01:41:48","modified_gmt":"2025-10-29T01:41:48","slug":"services","status":"publish","type":"page","link":"https:\/\/explorum.ca\/fr\/services\/","title":{"rendered":"Services"},"content":{"rendered":"\t\t<div data-elementor-type=\"wp-page\" data-elementor-id=\"5976\" class=\"elementor elementor-5976 elementor-5596\" data-elementor-post-type=\"page\">\n\t\t\t\t<div class=\"elementor-element elementor-element-fab46f2 e-flex e-con-boxed e-con e-parent\" data-id=\"fab46f2\" data-element_type=\"container\" data-e-type=\"container\">\n\t\t\t\t\t<div class=\"e-con-inner\">\n\t\t<div class=\"elementor-element elementor-element-34d9a5a e-flex e-con-boxed e-con e-child\" data-id=\"34d9a5a\" data-element_type=\"container\" data-e-type=\"container\">\n\t\t\t\t\t<div class=\"e-con-inner\">\n\t\t\t\t<div class=\"elementor-element elementor-element-a6f532c elementor-widget__width-initial elementor-widget-tablet__width-inherit elementor-widget elementor-widget-text-editor\" data-id=\"a6f532c\" data-element_type=\"widget\" data-e-type=\"widget\" data-widget_type=\"text-editor.default\">\n\t\t\t\t<div class=\"elementor-widget-container\">\n\t\t\t\t\t\t\t\t\t<p>EXPLORUM engage vos enfants dans l&#8217;exploration active avec des ateliers pratiques STIAM (Science, Technologie, Ing\u00e9nierie, Arts et Math\u00e9matiques) en fran\u00e7ais et en anglais, offerts dans les \u00e9coles, garderies, camps, programmes apr\u00e8s l&#8217;\u00e9cole, r\u00e9unions de groupe, et le nouveau programme de Samedis Scientastiques avec Coll\u00e8ge Glendon !&nbsp;<\/p>\n<p><b>NOUVEAU<\/b>&nbsp;<a href=\"https:\/\/explorum.ca\/fr\/samedis-scientastiques\/\" target=\"_blank\">Samedis Scientastiques<\/a> en partenariat avec le Coll\u00e8ge Glendon !<\/p>\n<p>Conscient de l\u2019importance de l\u2019approche STIM, le &nbsp;<a href=\"https:\/\/www.dcp.edu.gov.on.ca\/fr\/apprentissage-interdisciplinaire-et-integre\" target=\"_blank\" rel=\"noopener\">minist\u00e8re de l\u2019\u00c9ducation de l\u2019Ontario&nbsp;<\/a> l\u2019a incorpor\u00e9e dans l\u2019ensemble du programme de sciences et technologie.<\/p>\n<p><strong style=\"color: var( --e-global-color-text );\">EXPLORUM<\/strong> <span style=\"color: var( --e-global-color-text );\">cr\u00e9e l&#8217;enthousiasme en embarquant les enfants dans des \u00ab aventures \u00bb scientifiques qui leur permettent de d\u00e9couvrir le monde fabuleux et infini de STIAM !<\/span><\/p>\n<p><span style=\"color: var( --e-global-color-text );\">Chaque \u00e9l\u00e8ve a la chance de r\u00e9aliser sa propre activit\u00e9 pratique tout en construisant, cr\u00e9ant, inventant et explorant des concepts scientifiques li\u00e9s \u00e0 la vie quotidienne en utilisant une terminologie adapt\u00e9e&nbsp;<\/span> <span style=\"color: var( --e-global-color-text );\">\u00e0 l\u2019\u00e2ge et \u00e0 la compr\u00e9hension de l\u2019\u00e9l\u00e8ve.<\/span><\/p>\n<p><span style=\"color: var( --e-global-color-text );\">Ateliers offerts <b>en personne<\/b> ou <b>virtuellement<\/b>.&nbsp;<\/span><\/p>\n<p><span style=\"color: var( --e-global-color-text );\"><a href=\"https:\/\/explorum.ca\/fr\/contact\/\">CONTACTEZ-NOUS<\/a> pour plus de renseignements&nbsp;<\/span><\/p>\t\t\t\t\t\t\t\t<\/div>\n\t\t\t\t<\/div>\n\t\t\t\t\t<\/div>\n\t\t\t\t<\/div>\n\t\t\t\t\t<\/div>\n\t\t\t\t<\/div>\n\t\t<div class=\"elementor-element elementor-element-4db2762 e-grid e-con-full e-con e-parent\" data-id=\"4db2762\" data-element_type=\"container\" data-e-type=\"container\">\n\t\t<div class=\"elementor-element elementor-element-0e6d0c2 e-con-full e-flex e-con e-child\" data-id=\"0e6d0c2\" data-element_type=\"container\" data-e-type=\"container\">\n\t\t\t\t<div class=\"elementor-element elementor-element-937d521 elementor-widget elementor-widget-heading\" data-id=\"937d521\" data-element_type=\"widget\" data-e-type=\"widget\" data-widget_type=\"heading.default\">\n\t\t\t\t<div class=\"elementor-widget-container\">\n\t\t\t\t\t<h2 class=\"elementor-heading-title elementor-size-default\"><a href=\"https:\/\/explorum.ca\/fr\/ecoles-garderies\/\">\u00c9COLES<\/a><\/h2>\t\t\t\t<\/div>\n\t\t\t\t<\/div>\n\t\t\t\t<div class=\"elementor-element elementor-element-6d6d399 elementor-widget elementor-widget-text-editor\" data-id=\"6d6d399\" data-element_type=\"widget\" data-e-type=\"widget\" data-widget_type=\"text-editor.default\">\n\t\t\t\t<div class=\"elementor-widget-container\">\n\t\t\t\t\t\t\t\t\t<p>Ateliers <strong>en <b>classe<\/b><\/strong> pour soutenir votre programme.<br>Programmes pendant l\u2019<strong>heure du d\u00e9jeuner <\/strong>ou <strong>apr\u00e8s l\u2019\u00e9cole<\/strong> pour vos enthousiastes de sciences.<br>Ateliers et activit\u00e9s lors de festivals scolaires ou \u00e9v\u00e8nements sp\u00e9ciaux.<\/p>\t\t\t\t\t\t\t\t<\/div>\n\t\t\t\t<\/div>\n\t\t\t\t<\/div>\n\t\t<div class=\"elementor-element elementor-element-83bbaef e-con-full e-flex e-con e-child\" data-id=\"83bbaef\" data-element_type=\"container\" data-e-type=\"container\">\n\t\t\t\t<div class=\"elementor-element elementor-element-34dca99 elementor-widget elementor-widget-heading\" data-id=\"34dca99\" data-element_type=\"widget\" data-e-type=\"widget\" data-widget_type=\"heading.default\">\n\t\t\t\t<div class=\"elementor-widget-container\">\n\t\t\t\t\t<h2 class=\"elementor-heading-title elementor-size-default\"><a href=\"https:\/\/explorum.ca\/fr\/ecoles-garderies\/\">GARDERIES<\/a><\/h2>\t\t\t\t<\/div>\n\t\t\t\t<\/div>\n\t\t\t\t<div class=\"elementor-element elementor-element-c20b70e elementor-widget elementor-widget-text-editor\" data-id=\"c20b70e\" data-element_type=\"widget\" data-e-type=\"widget\" data-widget_type=\"text-editor.default\">\n\t\t\t\t<div class=\"elementor-widget-container\">\n\t\t\t\t\t\t\t\t\t<p><span style=\"color: var( --e-global-color-text ); font-family: var( --e-global-typography-text-font-family ), Sans-serif; font-weight: var( --e-global-typography-text-font-weight ); text-align: var(--text-align); font-size: 1rem;\">Programmes <strong>apr\u00e8s l&#8217;\u00e9cole<\/strong> pour \u00e9gayer l&#8217;apr\u00e8s-midi. <br><br><\/span><\/p><p>Activit\u00e9s pendant les <strong>journ\u00e9es p\u00e9dagogiques<\/strong> pour ajouter de la vari\u00e9t\u00e9 \u00e0 la journ\u00e9e.<\/p>\t\t\t\t\t\t\t\t<\/div>\n\t\t\t\t<\/div>\n\t\t\t\t<\/div>\n\t\t<div class=\"elementor-element elementor-element-12a8873 e-con-full e-flex e-con e-child\" data-id=\"12a8873\" data-element_type=\"container\" data-e-type=\"container\">\n\t\t\t\t<div class=\"elementor-element elementor-element-9b9338a elementor-widget elementor-widget-heading\" data-id=\"9b9338a\" data-element_type=\"widget\" data-e-type=\"widget\" data-widget_type=\"heading.default\">\n\t\t\t\t<div class=\"elementor-widget-container\">\n\t\t\t\t\t<h2 class=\"elementor-heading-title elementor-size-default\"><a href=\"https:\/\/explorum.ca\/fr\/ecoles-garderies\/\">CAMPS<\/a><\/h2>\t\t\t\t<\/div>\n\t\t\t\t<\/div>\n\t\t\t\t<div class=\"elementor-element elementor-element-b3352e7 elementor-widget elementor-widget-text-editor\" data-id=\"b3352e7\" data-element_type=\"widget\" data-e-type=\"widget\" data-widget_type=\"text-editor.default\">\n\t\t\t\t<div class=\"elementor-widget-container\">\n\t\t\t\t\t\t\t\t\t<p><span style=\"color: var( --e-global-color-text ); font-family: var( --e-global-typography-text-font-family ), Sans-serif; font-weight: var( --e-global-typography-text-font-weight ); text-align: var(--text-align); font-size: 1rem;\">Ateliers pour s&#8217;assurer que les enfants s&#8217;amusent tout en \u00e9vitant l&#8217;\u00e9puisement intellectuel pendant les <strong>cong\u00e9s de mars<\/strong> ou les <strong>vacances d&#8217;\u00e9t\u00e9<\/strong>. <\/span><\/p>\t\t\t\t\t\t\t\t<\/div>\n\t\t\t\t<\/div>\n\t\t\t\t<\/div>\n\t\t<div class=\"elementor-element elementor-element-67a7cfa e-con-full e-flex e-con e-child\" data-id=\"67a7cfa\" data-element_type=\"container\" data-e-type=\"container\">\n\t\t\t\t<div class=\"elementor-element elementor-element-0619dcd elementor-widget elementor-widget-heading\" data-id=\"0619dcd\" data-element_type=\"widget\" data-e-type=\"widget\" data-widget_type=\"heading.default\">\n\t\t\t\t<div class=\"elementor-widget-container\">\n\t\t\t\t\t<h2 class=\"elementor-heading-title elementor-size-default\"><a href=\"https:\/\/explorum.ca\/fr\/communaute\/\">GROUPES<\/a><\/h2>\t\t\t\t<\/div>\n\t\t\t\t<\/div>\n\t\t\t\t<div class=\"elementor-element elementor-element-6105920 elementor-widget elementor-widget-text-editor\" data-id=\"6105920\" data-element_type=\"widget\" data-e-type=\"widget\" data-widget_type=\"text-editor.default\">\n\t\t\t\t<div class=\"elementor-widget-container\">\n\t\t\t\t\t\t\t\t\t<p><strong>Groupes d\u2019int\u00e9r\u00eat sp\u00e9ciaux<\/strong> (tel que les Scouts\/Guides), <strong>Centres communautaires<\/strong>, <strong>\u00c9cole de langues<\/strong> ou autres groupes de jeunes ! Ajoutez un atelier STIAM pour plus de vari\u00e9t\u00e9 dans vos programmes et encouragez les enfants \u00e0 s\u2019impliquer dans une activit\u00e9 de sciences cr\u00e9atif ! <\/p>\t\t\t\t\t\t\t\t<\/div>\n\t\t\t\t<\/div>\n\t\t\t\t<\/div>\n\t\t<div class=\"elementor-element elementor-element-a13fc44 e-con-full e-flex e-con e-child\" data-id=\"a13fc44\" data-element_type=\"container\" data-e-type=\"container\">\n\t\t\t\t<div class=\"elementor-element elementor-element-9423e84 elementor-widget elementor-widget-heading\" data-id=\"9423e84\" data-element_type=\"widget\" data-e-type=\"widget\" data-widget_type=\"heading.default\">\n\t\t\t\t<div class=\"elementor-widget-container\">\n\t\t\t\t\t<h2 class=\"elementor-heading-title elementor-size-default\"><a href=\"https:\/\/explorum.ca\/fr\/anniversaires-evenements\/\">PARENTS\/ENFANTS<\/a><\/h2>\t\t\t\t<\/div>\n\t\t\t\t<\/div>\n\t\t\t\t<div class=\"elementor-element elementor-element-9b461f3 elementor-widget elementor-widget-text-editor\" data-id=\"9b461f3\" data-element_type=\"widget\" data-e-type=\"widget\" data-widget_type=\"text-editor.default\">\n\t\t\t\t<div class=\"elementor-widget-container\">\n\t\t\t\t\t\t\t\t\t<p><span style=\"font-size: 1rem;\">Nouveau<\/span> <span style=\"font-weight: bold; font-size: 1rem;\">Samedis<\/span> <span style=\"font-size: 1rem;\"><b>Scientastiques<\/b> !<br>Ateliers STIAM main-\u00e0-la-p\u00e2te \u00e0 Glendon, Universit\u00e9 York !<\/span><br><br><\/p><p><span style=\"font-size: 1rem;\"><br><\/span><span style=\"font-size: 1rem;\">Anniversaires STIAM<\/span><span style=\"font-size: 1rem;\"> pour vos scientifiques-en-herbe!<br><\/span><\/p>\t\t\t\t\t\t\t\t<\/div>\n\t\t\t\t<\/div>\n\t\t\t\t<\/div>\n\t\t<div class=\"elementor-element elementor-element-f6d838e e-con-full e-flex e-con e-child\" data-id=\"f6d838e\" data-element_type=\"container\" data-e-type=\"container\">\n\t\t\t\t<div class=\"elementor-element elementor-element-cba33d4 elementor-widget elementor-widget-heading\" data-id=\"cba33d4\" data-element_type=\"widget\" data-e-type=\"widget\" data-widget_type=\"heading.default\">\n\t\t\t\t<div class=\"elementor-widget-container\">\n\t\t\t\t\t<h2 class=\"elementor-heading-title elementor-size-default\"><a href=\"https:\/\/explorum.ca\/fr\/anniversaires-evenements\/\">CORPORATIONS<\/a><\/h2>\t\t\t\t<\/div>\n\t\t\t\t<\/div>\n\t\t\t\t<div class=\"elementor-element elementor-element-e0ff2d3 elementor-widget elementor-widget-text-editor\" data-id=\"e0ff2d3\" data-element_type=\"widget\" data-e-type=\"widget\" data-widget_type=\"text-editor.default\">\n\t\t\t\t<div class=\"elementor-widget-container\">\n\t\t\t\t\t\t\t\t\t<p>Ateliers d&#8217;une \u00e0 trois heures pour occuper les enfants pendant vos <strong>r\u00e9unions<\/strong>, <strong>\u00e9v\u00e8nements familiaux<\/strong> et <strong>conf\u00e9rences<\/strong>&#8230;<\/p>\t\t\t\t\t\t\t\t<\/div>\n\t\t\t\t<\/div>\n\t\t\t\t<\/div>\n\t\t\t\t<\/div>\n\t\t<div class=\"elementor-element elementor-element-f18889e e-flex e-con-boxed e-con e-parent\" data-id=\"f18889e\" data-element_type=\"container\" data-e-type=\"container\">\n\t\t\t\t\t<div class=\"e-con-inner\">\n\t\t\t\t<div class=\"elementor-element elementor-element-f21dc90 elementor-widget__width-initial elementor-widget elementor-widget-text-editor\" data-id=\"f21dc90\" data-element_type=\"widget\" data-e-type=\"widget\" data-widget_type=\"text-editor.default\">\n\t\t\t\t<div class=\"elementor-widget-container\">\n\t\t\t\t\t\t\t\t\t<p><b><a style=\"background-color: #ffffff; font-size: 1rem;\" href=\"mailto:%20info@explorum.ca\" target=\"_blank\" rel=\"noopener\">Contactez-nous !<\/a> Nous vous aiderons avec vos envies et vos besoins de STIM !<\/b><\/p><p>Nos ateliers sont pr\u00e9sent\u00e9s de mani\u00e8re \u00e0 permettre aux \u00e9l\u00e8ves d&#8217;explorer, de poser des questions et de s&#8217;amuser! Ils apprennent sans m\u00eame s&#8217;en rendre compte. Sous l&#8217;\u0153il vigilant d&#8217;un instructeur EXPLORUM, ils r\u00e9alisent leur propre exp\u00e9rience scientifique, projet de bricolage ou collation; ils s&#8217;amusent et apprennent tout au long de chaque projet.  <\/p>\t\t\t\t\t\t\t\t<\/div>\n\t\t\t\t<\/div>\n\t\t\t\t\t<\/div>\n\t\t\t\t<\/div>\n\t\t\t\t<\/div>\n\t\t","protected":false},"excerpt":{"rendered":"<p>EXPLORUM engage vos enfants dans l&#8217;exploration active avec des ateliers pratiques STIAM (Science, Technologie, Ing\u00e9nierie, Arts et Math\u00e9matiques) en fran\u00e7ais et en anglais, offerts dans les \u00e9coles, garderies, camps, programmes apr\u00e8s l&#8217;\u00e9cole, r\u00e9unions de groupe, et le nouveau programme de Samedis Scientastiques avec Coll\u00e8ge Glendon !&nbsp; NOUVEAU&nbsp;Samedis Scientastiques en partenariat avec le Coll\u00e8ge Glendon ! [&hellip;]<\/p>\n","protected":false},"author":3,"featured_media":0,"parent":0,"menu_order":0,"comment_status":"closed","ping_status":"closed","template":"","meta":{"footnotes":""},"class_list":["post-5976","page","type-page","status-publish","hentry"],"yoast_head":"<!-- This site is optimized with the Yoast SEO plugin v27.5 - https:\/\/yoast.com\/product\/yoast-seo-wordpress\/ -->\n<title>Services - Explorum<\/title>\n<meta name=\"description\" content=\"Hands-on STEAM workshops offered at schools, daycares, camps, afterschool programs, and the NEW Scientastic Saturdays at Glendon College!\" \/>\n<meta name=\"robots\" content=\"index, follow, max-snippet:-1, max-image-preview:large, max-video-preview:-1\" \/>\n<link rel=\"canonical\" href=\"https:\/\/explorum.ca\/fr\/services\/\" \/>\n<meta property=\"og:locale\" content=\"fr_FR\" \/>\n<meta property=\"og:type\" content=\"article\" \/>\n<meta property=\"og:title\" content=\"Services - Explorum\" \/>\n<meta property=\"og:description\" content=\"Hands-on STEAM workshops offered at schools, daycares, camps, afterschool programs, and the NEW Scientastic Saturdays at Glendon College!\" \/>\n<meta property=\"og:url\" content=\"https:\/\/explorum.ca\/fr\/services\/\" \/>\n<meta property=\"og:site_name\" content=\"Explorum\" \/>\n<meta property=\"article:publisher\" content=\"https:\/\/www.facebook.com\/explorum.ca\" \/>\n<meta property=\"article:modified_time\" content=\"2025-10-29T01:41:48+00:00\" \/>\n<meta name=\"twitter:card\" content=\"summary_large_image\" \/>\n<meta name=\"twitter:label1\" content=\"Dur\u00e9e de lecture estim\u00e9e\" \/>\n\t<meta name=\"twitter:data1\" content=\"2 minutes\" \/>\n<script type=\"application\/ld+json\" class=\"yoast-schema-graph\">{\"@context\":\"https:\\\/\\\/schema.org\",\"@graph\":[{\"@type\":\"WebPage\",\"@id\":\"https:\\\/\\\/explorum.ca\\\/fr\\\/services\\\/\",\"url\":\"https:\\\/\\\/explorum.ca\\\/fr\\\/services\\\/\",\"name\":\"Services - Explorum\",\"isPartOf\":{\"@id\":\"https:\\\/\\\/explorum.ca\\\/fr\\\/#website\"},\"datePublished\":\"2024-08-25T18:04:47+00:00\",\"dateModified\":\"2025-10-29T01:41:48+00:00\",\"description\":\"Hands-on STEAM workshops offered at schools, daycares, camps, afterschool programs, and the NEW Scientastic Saturdays at Glendon College!\",\"breadcrumb\":{\"@id\":\"https:\\\/\\\/explorum.ca\\\/fr\\\/services\\\/#breadcrumb\"},\"inLanguage\":\"fr-FR\",\"potentialAction\":[{\"@type\":\"ReadAction\",\"target\":[\"https:\\\/\\\/explorum.ca\\\/fr\\\/services\\\/\"]}]},{\"@type\":\"BreadcrumbList\",\"@id\":\"https:\\\/\\\/explorum.ca\\\/fr\\\/services\\\/#breadcrumb\",\"itemListElement\":[{\"@type\":\"ListItem\",\"position\":1,\"name\":\"Home\",\"item\":\"https:\\\/\\\/explorum.ca\\\/fr\\\/\"},{\"@type\":\"ListItem\",\"position\":2,\"name\":\"Services\"}]},{\"@type\":\"WebSite\",\"@id\":\"https:\\\/\\\/explorum.ca\\\/fr\\\/#website\",\"url\":\"https:\\\/\\\/explorum.ca\\\/fr\\\/\",\"name\":\"https:\\\/\\\/www.explorum.ca\",\"description\":\"\",\"publisher\":{\"@id\":\"https:\\\/\\\/explorum.ca\\\/fr\\\/#organization\"},\"potentialAction\":[{\"@type\":\"SearchAction\",\"target\":{\"@type\":\"EntryPoint\",\"urlTemplate\":\"https:\\\/\\\/explorum.ca\\\/fr\\\/?s={search_term_string}\"},\"query-input\":{\"@type\":\"PropertyValueSpecification\",\"valueRequired\":true,\"valueName\":\"search_term_string\"}}],\"inLanguage\":\"fr-FR\"},{\"@type\":\"Organization\",\"@id\":\"https:\\\/\\\/explorum.ca\\\/fr\\\/#organization\",\"name\":\"EXPLORUM\",\"url\":\"https:\\\/\\\/explorum.ca\\\/fr\\\/\",\"logo\":{\"@type\":\"ImageObject\",\"inLanguage\":\"fr-FR\",\"@id\":\"https:\\\/\\\/explorum.ca\\\/fr\\\/#\\\/schema\\\/logo\\\/image\\\/\",\"url\":\"https:\\\/\\\/explorum.ca\\\/wp-content\\\/uploads\\\/2024\\\/05\\\/cropped-Explorum_tag_Hor-R.png\",\"contentUrl\":\"https:\\\/\\\/explorum.ca\\\/wp-content\\\/uploads\\\/2024\\\/05\\\/cropped-Explorum_tag_Hor-R.png\",\"width\":1450,\"height\":271,\"caption\":\"EXPLORUM\"},\"image\":{\"@id\":\"https:\\\/\\\/explorum.ca\\\/fr\\\/#\\\/schema\\\/logo\\\/image\\\/\"},\"sameAs\":[\"https:\\\/\\\/www.facebook.com\\\/explorum.ca\",\"https:\\\/\\\/www.instagram.com\\\/explorum_fr\\\/\",\"https:\\\/\\\/share.google\\\/Q7GPgMvpIzBiAq17L\"]}]}<\/script>\n<!-- \/ Yoast SEO plugin. -->","yoast_head_json":{"title":"Services - Explorum","description":"Hands-on STEAM workshops offered at schools, daycares, camps, afterschool programs, and the NEW Scientastic Saturdays at Glendon College!","robots":{"index":"index","follow":"follow","max-snippet":"max-snippet:-1","max-image-preview":"max-image-preview:large","max-video-preview":"max-video-preview:-1"},"canonical":"https:\/\/explorum.ca\/fr\/services\/","og_locale":"fr_FR","og_type":"article","og_title":"Services - Explorum","og_description":"Hands-on STEAM workshops offered at schools, daycares, camps, afterschool programs, and the NEW Scientastic Saturdays at Glendon College!","og_url":"https:\/\/explorum.ca\/fr\/services\/","og_site_name":"Explorum","article_publisher":"https:\/\/www.facebook.com\/explorum.ca","article_modified_time":"2025-10-29T01:41:48+00:00","twitter_card":"summary_large_image","twitter_misc":{"Dur\u00e9e de lecture estim\u00e9e":"2 minutes"},"schema":{"@context":"https:\/\/schema.org","@graph":[{"@type":"WebPage","@id":"https:\/\/explorum.ca\/fr\/services\/","url":"https:\/\/explorum.ca\/fr\/services\/","name":"Services - Explorum","isPartOf":{"@id":"https:\/\/explorum.ca\/fr\/#website"},"datePublished":"2024-08-25T18:04:47+00:00","dateModified":"2025-10-29T01:41:48+00:00","description":"Hands-on STEAM workshops offered at schools, daycares, camps, afterschool programs, and the NEW Scientastic Saturdays at Glendon College!","breadcrumb":{"@id":"https:\/\/explorum.ca\/fr\/services\/#breadcrumb"},"inLanguage":"fr-FR","potentialAction":[{"@type":"ReadAction","target":["https:\/\/explorum.ca\/fr\/services\/"]}]},{"@type":"BreadcrumbList","@id":"https:\/\/explorum.ca\/fr\/services\/#breadcrumb","itemListElement":[{"@type":"ListItem","position":1,"name":"Home","item":"https:\/\/explorum.ca\/fr\/"},{"@type":"ListItem","position":2,"name":"Services"}]},{"@type":"WebSite","@id":"https:\/\/explorum.ca\/fr\/#website","url":"https:\/\/explorum.ca\/fr\/","name":"https:\/\/www.explorum.ca","description":"","publisher":{"@id":"https:\/\/explorum.ca\/fr\/#organization"},"potentialAction":[{"@type":"SearchAction","target":{"@type":"EntryPoint","urlTemplate":"https:\/\/explorum.ca\/fr\/?s={search_term_string}"},"query-input":{"@type":"PropertyValueSpecification","valueRequired":true,"valueName":"search_term_string"}}],"inLanguage":"fr-FR"},{"@type":"Organization","@id":"https:\/\/explorum.ca\/fr\/#organization","name":"EXPLORUM","url":"https:\/\/explorum.ca\/fr\/","logo":{"@type":"ImageObject","inLanguage":"fr-FR","@id":"https:\/\/explorum.ca\/fr\/#\/schema\/logo\/image\/","url":"https:\/\/explorum.ca\/wp-content\/uploads\/2024\/05\/cropped-Explorum_tag_Hor-R.png","contentUrl":"https:\/\/explorum.ca\/wp-content\/uploads\/2024\/05\/cropped-Explorum_tag_Hor-R.png","width":1450,"height":271,"caption":"EXPLORUM"},"image":{"@id":"https:\/\/explorum.ca\/fr\/#\/schema\/logo\/image\/"},"sameAs":["https:\/\/www.facebook.com\/explorum.ca","https:\/\/www.instagram.com\/explorum_fr\/","https:\/\/share.google\/Q7GPgMvpIzBiAq17L"]}]}},"_links":{"self":[{"href":"https:\/\/explorum.ca\/fr\/wp-json\/wp\/v2\/pages\/5976","targetHints":{"allow":["GET"]}}],"collection":[{"href":"https:\/\/explorum.ca\/fr\/wp-json\/wp\/v2\/pages"}],"about":[{"href":"https:\/\/explorum.ca\/fr\/wp-json\/wp\/v2\/types\/page"}],"author":[{"embeddable":true,"href":"https:\/\/explorum.ca\/fr\/wp-json\/wp\/v2\/users\/3"}],"replies":[{"embeddable":true,"href":"https:\/\/explorum.ca\/fr\/wp-json\/wp\/v2\/comments?post=5976"}],"version-history":[{"count":13,"href":"https:\/\/explorum.ca\/fr\/wp-json\/wp\/v2\/pages\/5976\/revisions"}],"predecessor-version":[{"id":7848,"href":"https:\/\/explorum.ca\/fr\/wp-json\/wp\/v2\/pages\/5976\/revisions\/7848"}],"wp:attachment":[{"href":"https:\/\/explorum.ca\/fr\/wp-json\/wp\/v2\/media?parent=5976"}],"curies":[{"name":"wp","href":"https:\/\/api.w.org\/{rel}","templated":true}]}}