{"id":5371,"date":"2024-08-05T17:23:40","date_gmt":"2024-08-05T17:23:40","guid":{"rendered":"https:\/\/explorum.ca\/inscription\/"},"modified":"2025-01-13T12:59:44","modified_gmt":"2025-01-13T12:59:44","slug":"inscription","status":"publish","type":"page","link":"https:\/\/explorum.ca\/fr\/inscription\/","title":{"rendered":"Inscription"},"content":{"rendered":"\t\t<div data-elementor-type=\"wp-page\" data-elementor-id=\"5371\" class=\"elementor elementor-5371 elementor-2841\" data-elementor-post-type=\"page\">\n\t\t\t\t<div class=\"elementor-element elementor-element-a856249 e-flex e-con-boxed e-con e-parent\" data-id=\"a856249\" data-element_type=\"container\" data-e-type=\"container\" data-settings=\"{&quot;background_background&quot;:&quot;classic&quot;}\">\n\t\t\t\t\t<div class=\"e-con-inner\">\n\t\t\t\t\t<\/div>\n\t\t\t\t<\/div>\n\t\t<div class=\"elementor-element elementor-element-bddceb5 e-flex e-con-boxed e-con e-parent\" data-id=\"bddceb5\" data-element_type=\"container\" data-e-type=\"container\" data-settings=\"{&quot;background_background&quot;:&quot;classic&quot;}\">\n\t\t\t\t\t<div class=\"e-con-inner\">\n\t\t\t\t<div class=\"elementor-element elementor-element-81f9a6c elementor-button-align-stretch elementor-widget elementor-widget-form\" data-id=\"81f9a6c\" data-element_type=\"widget\" data-e-type=\"widget\" data-settings=\"{&quot;step_next_label&quot;:&quot;Suivant&quot;,&quot;step_previous_label&quot;:&quot;Pr\\u00e9c\\u00e9dent&quot;,&quot;button_width&quot;:&quot;100&quot;,&quot;step_type&quot;:&quot;number_text&quot;,&quot;step_icon_shape&quot;:&quot;circle&quot;}\" data-widget_type=\"form.default\">\n\t\t\t\t<div class=\"elementor-widget-container\">\n\t\t\t\t\t\t\t<form class=\"elementor-form\" method=\"post\" name=\"Nouveau formulaire\" aria-label=\"Nouveau formulaire\">\n\t\t\t<input type=\"hidden\" name=\"post_id\" value=\"5371\"\/>\n\t\t\t<input type=\"hidden\" name=\"form_id\" value=\"81f9a6c\"\/>\n\t\t\t<input type=\"hidden\" name=\"referer_title\" value=\"Inscription - Explorum\" \/>\n\n\t\t\t\t\t\t\t<input type=\"hidden\" name=\"queried_id\" value=\"5371\"\/>\n\t\t\t\n\t\t\t<div class=\"elementor-form-fields-wrapper elementor-labels-above\">\n\t\t\t\t\t\t\t\t<div class=\"elementor-field-type-text elementor-field-group elementor-column elementor-field-group-field_5228b42 elementor-col-100 elementor-field-required\">\n\t\t\t\t\t\t\t\t\t\t\t\t<label for=\"form-field-field_5228b42\" class=\"elementor-field-label\">\n\t\t\t\t\t\t\t\tNom (pr\u00e9nom  nom)\t\t\t\t\t\t\t<\/label>\n\t\t\t\t\t\t\t\t\t\t\t\t\t\t<input size=\"1\" type=\"text\" name=\"form_fields[field_5228b42]\" id=\"form-field-field_5228b42\" class=\"elementor-field elementor-size-sm  elementor-field-textual\" required=\"required\">\n\t\t\t\t\t\t\t\t\t\t\t<\/div>\n\t\t\t\t\t\t\t\t<div class=\"elementor-field-type-email elementor-field-group elementor-column elementor-field-group-message elementor-col-50 elementor-field-required\">\n\t\t\t\t\t\t\t\t\t\t\t\t<label for=\"form-field-message\" class=\"elementor-field-label\">\n\t\t\t\t\t\t\t\tCourriel\t\t\t\t\t\t\t<\/label>\n\t\t\t\t\t\t\t\t\t\t\t\t\t\t<input size=\"1\" type=\"email\" name=\"form_fields[message]\" id=\"form-field-message\" class=\"elementor-field elementor-size-sm  elementor-field-textual\" required=\"required\">\n\t\t\t\t\t\t\t\t\t\t\t<\/div>\n\t\t\t\t\t\t\t\t<div class=\"elementor-field-type-number elementor-field-group elementor-column elementor-field-group-field_0a08ca5 elementor-col-50 elementor-field-required\">\n\t\t\t\t\t\t\t\t\t\t\t\t<label for=\"form-field-field_0a08ca5\" class=\"elementor-field-label\">\n\t\t\t\t\t\t\t\tNum\u00e9ro de t\u00e9l\u00e9phone\t\t\t\t\t\t\t<\/label>\n\t\t\t\t\t\t\t\t\t<input type=\"number\" name=\"form_fields[field_0a08ca5]\" id=\"form-field-field_0a08ca5\" class=\"elementor-field elementor-size-sm  elementor-field-textual\" required=\"required\" min=\"\" max=\"\" >\n\t\t\t\t\t\t<\/div>\n\t\t\t\t\t\t\t\t<div class=\"elementor-field-type-text elementor-field-group elementor-column elementor-field-group-email elementor-col-100\">\n\t\t\t\t\t\t\t\t\t\t\t\t<label for=\"form-field-email\" class=\"elementor-field-label\">\n\t\t\t\t\t\t\t\tNom de l'\u00e9cole\/centre\t\t\t\t\t\t\t<\/label>\n\t\t\t\t\t\t\t\t\t\t\t\t\t\t<input size=\"1\" type=\"text\" name=\"form_fields[email]\" id=\"form-field-email\" class=\"elementor-field elementor-size-sm  elementor-field-textual\">\n\t\t\t\t\t\t\t\t\t\t\t<\/div>\n\t\t\t\t\t\t\t\t<div class=\"elementor-field-type-text elementor-field-group elementor-column elementor-field-group-field_ed1b489 elementor-col-100\">\n\t\t\t\t\t\t\t\t\t\t\t\t<label for=\"form-field-field_ed1b489\" class=\"elementor-field-label\">\n\t\t\t\t\t\t\t\tAdresse de l'\u00e9cole\/centre\t\t\t\t\t\t\t<\/label>\n\t\t\t\t\t\t\t\t\t\t\t\t\t\t<input size=\"1\" type=\"text\" name=\"form_fields[field_ed1b489]\" id=\"form-field-field_ed1b489\" class=\"elementor-field elementor-size-sm  elementor-field-textual\">\n\t\t\t\t\t\t\t\t\t\t\t<\/div>\n\t\t\t\t\t\t\t\t<div class=\"elementor-field-type-select elementor-field-group elementor-column elementor-field-group-field_e4a7403 elementor-col-100\">\n\t\t\t\t\t\t\t\t\t\t\t\t<label for=\"form-field-field_e4a7403\" class=\"elementor-field-label\">\n\t\t\t\t\t\t\t\tServices que vous d\u00e9sirer impl\u00e9menter\t\t\t\t\t\t\t<\/label>\n\t\t\t\t\t\t\t\t<div class=\"elementor-field elementor-select-wrapper remove-before \">\n\t\t\t<div class=\"select-caret-down-wrapper\">\n\t\t\t\t<svg aria-hidden=\"true\" class=\"e-font-icon-svg e-eicon-caret-down\" viewBox=\"0 0 571.4 571.4\" xmlns=\"http:\/\/www.w3.org\/2000\/svg\"><path d=\"M571 393Q571 407 561 418L311 668Q300 679 286 679T261 668L11 418Q0 407 0 393T11 368 36 357H536Q550 357 561 368T571 393Z\"><\/path><\/svg>\t\t\t<\/div>\n\t\t\t<select name=\"form_fields[field_e4a7403]\" id=\"form-field-field_e4a7403\" class=\"elementor-field-textual elementor-size-sm\">\n\t\t\t\t\t\t\t\t\t<option value=\"EXPLORation en-classe Programme apr\u00e8s l&#039;\u00e9cole Midis-en-STIAM Camps (cong\u00e9s de mars ou \u00e9t\u00e9) Journ\u00e9es p\u00e9dagogiques Festival Autre\">EXPLORation en-classe Programme apr\u00e8s l&#039;\u00e9cole Midis-en-STIAM Camps (cong\u00e9s de mars ou \u00e9t\u00e9) Journ\u00e9es p\u00e9dagogiques Festival Autre<\/option>\n\t\t\t\t\t\t\t<\/select>\n\t\t<\/div>\n\t\t\t\t\t\t<\/div>\n\t\t\t\t\t\t\t\t<div class=\"elementor-field-type-textarea elementor-field-group elementor-column elementor-field-group-field_665a7c8 elementor-col-100 elementor-field-required\">\n\t\t\t\t\t\t\t\t\t\t\t\t<label for=\"form-field-field_665a7c8\" class=\"elementor-field-label\">\n\t\t\t\t\t\t\t\tMessage\t\t\t\t\t\t\t<\/label>\n\t\t\t\t\t\t<textarea class=\"elementor-field-textual elementor-field  elementor-size-sm\" name=\"form_fields[field_665a7c8]\" id=\"form-field-field_665a7c8\" rows=\"4\" required=\"required\"><\/textarea>\t\t\t\t<\/div>\n\t\t\t\t\t\t\t\t<div class=\"elementor-field-type-acceptance elementor-field-group elementor-column elementor-field-group-field_42d0502 elementor-col-100 elementor-field-required\">\n\t\t\t\t\t\t\t\t\t\t\t\t<label for=\"form-field-field_42d0502\" class=\"elementor-field-label\">\n\t\t\t\t\t\t\t\tV\u00e9rification\t\t\t\t\t\t\t<\/label>\n\t\t\t\t\t\t\t\t<div class=\"elementor-field-subgroup\">\n\t\t\t<span class=\"elementor-field-option\">\n\t\t\t\t<input type=\"checkbox\" name=\"form_fields[field_42d0502]\" id=\"form-field-field_42d0502\" class=\"elementor-field elementor-size-sm  elementor-acceptance-field\" required=\"required\">\n\t\t\t\t<label for=\"form-field-field_42d0502\">Je suis un homo sapiens<\/label>\t\t\t<\/span>\n\t\t<\/div>\n\t\t\t\t\t\t<\/div>\n\t\t\t\t\t\t\t\t<div class=\"elementor-field-group elementor-column elementor-field-type-submit elementor-col-100 e-form__buttons\">\n\t\t\t\t\t<button class=\"elementor-button elementor-size-sm\" type=\"submit\">\n\t\t\t\t\t\t<span class=\"elementor-button-content-wrapper\">\n\t\t\t\t\t\t\t\t\t\t\t\t\t\t\t\t\t\t\t\t\t\t<span class=\"elementor-button-text\">Soumettre<\/span>\n\t\t\t\t\t\t\t\t\t\t\t\t\t<\/span>\n\t\t\t\t\t<\/button>\n\t\t\t\t<\/div>\n\t\t\t<\/div>\n\t\t<\/form>\n\t\t\t\t\t\t<\/div>\n\t\t\t\t<\/div>\n\t\t\t\t\t<\/div>\n\t\t\t\t<\/div>\n\t\t\t\t<\/div>\n\t\t","protected":false},"excerpt":{"rendered":"","protected":false},"author":3,"featured_media":0,"parent":0,"menu_order":0,"comment_status":"closed","ping_status":"closed","template":"","meta":{"footnotes":""},"class_list":["post-5371","page","type-page","status-publish","hentry"],"yoast_head":"<!-- This site is optimized with the Yoast SEO plugin v27.5 - https:\/\/yoast.com\/product\/yoast-seo-wordpress\/ -->\n<title>Inscription - Explorum<\/title>\n<meta name=\"robots\" content=\"index, follow, max-snippet:-1, max-image-preview:large, max-video-preview:-1\" \/>\n<link rel=\"canonical\" href=\"https:\/\/explorum.ca\/fr\/inscription\/\" \/>\n<meta property=\"og:locale\" content=\"fr_FR\" \/>\n<meta property=\"og:type\" content=\"article\" \/>\n<meta property=\"og:title\" content=\"Inscription - Explorum\" \/>\n<meta property=\"og:url\" content=\"https:\/\/explorum.ca\/fr\/inscription\/\" \/>\n<meta property=\"og:site_name\" content=\"Explorum\" \/>\n<meta property=\"article:publisher\" content=\"https:\/\/www.facebook.com\/explorum.ca\" \/>\n<meta property=\"article:modified_time\" content=\"2025-01-13T12:59:44+00:00\" \/>\n<meta name=\"twitter:card\" content=\"summary_large_image\" \/>\n<meta name=\"twitter:label1\" content=\"Dur\u00e9e de lecture estim\u00e9e\" \/>\n\t<meta name=\"twitter:data1\" content=\"1 minute\" \/>\n<script type=\"application\/ld+json\" class=\"yoast-schema-graph\">{\"@context\":\"https:\\\/\\\/schema.org\",\"@graph\":[{\"@type\":\"WebPage\",\"@id\":\"https:\\\/\\\/explorum.ca\\\/fr\\\/inscription\\\/\",\"url\":\"https:\\\/\\\/explorum.ca\\\/fr\\\/inscription\\\/\",\"name\":\"Inscription - Explorum\",\"isPartOf\":{\"@id\":\"https:\\\/\\\/explorum.ca\\\/fr\\\/#website\"},\"datePublished\":\"2024-08-05T17:23:40+00:00\",\"dateModified\":\"2025-01-13T12:59:44+00:00\",\"breadcrumb\":{\"@id\":\"https:\\\/\\\/explorum.ca\\\/fr\\\/inscription\\\/#breadcrumb\"},\"inLanguage\":\"fr-FR\",\"potentialAction\":[{\"@type\":\"ReadAction\",\"target\":[\"https:\\\/\\\/explorum.ca\\\/fr\\\/inscription\\\/\"]}]},{\"@type\":\"BreadcrumbList\",\"@id\":\"https:\\\/\\\/explorum.ca\\\/fr\\\/inscription\\\/#breadcrumb\",\"itemListElement\":[{\"@type\":\"ListItem\",\"position\":1,\"name\":\"Home\",\"item\":\"https:\\\/\\\/explorum.ca\\\/fr\\\/\"},{\"@type\":\"ListItem\",\"position\":2,\"name\":\"Inscription\"}]},{\"@type\":\"WebSite\",\"@id\":\"https:\\\/\\\/explorum.ca\\\/fr\\\/#website\",\"url\":\"https:\\\/\\\/explorum.ca\\\/fr\\\/\",\"name\":\"https:\\\/\\\/www.explorum.ca\",\"description\":\"\",\"publisher\":{\"@id\":\"https:\\\/\\\/explorum.ca\\\/fr\\\/#organization\"},\"potentialAction\":[{\"@type\":\"SearchAction\",\"target\":{\"@type\":\"EntryPoint\",\"urlTemplate\":\"https:\\\/\\\/explorum.ca\\\/fr\\\/?s={search_term_string}\"},\"query-input\":{\"@type\":\"PropertyValueSpecification\",\"valueRequired\":true,\"valueName\":\"search_term_string\"}}],\"inLanguage\":\"fr-FR\"},{\"@type\":\"Organization\",\"@id\":\"https:\\\/\\\/explorum.ca\\\/fr\\\/#organization\",\"name\":\"EXPLORUM\",\"url\":\"https:\\\/\\\/explorum.ca\\\/fr\\\/\",\"logo\":{\"@type\":\"ImageObject\",\"inLanguage\":\"fr-FR\",\"@id\":\"https:\\\/\\\/explorum.ca\\\/fr\\\/#\\\/schema\\\/logo\\\/image\\\/\",\"url\":\"https:\\\/\\\/explorum.ca\\\/wp-content\\\/uploads\\\/2024\\\/05\\\/cropped-Explorum_tag_Hor-R.png\",\"contentUrl\":\"https:\\\/\\\/explorum.ca\\\/wp-content\\\/uploads\\\/2024\\\/05\\\/cropped-Explorum_tag_Hor-R.png\",\"width\":1450,\"height\":271,\"caption\":\"EXPLORUM\"},\"image\":{\"@id\":\"https:\\\/\\\/explorum.ca\\\/fr\\\/#\\\/schema\\\/logo\\\/image\\\/\"},\"sameAs\":[\"https:\\\/\\\/www.facebook.com\\\/explorum.ca\",\"https:\\\/\\\/www.instagram.com\\\/explorum_fr\\\/\",\"https:\\\/\\\/share.google\\\/Q7GPgMvpIzBiAq17L\"]}]}<\/script>\n<!-- \/ Yoast SEO plugin. -->","yoast_head_json":{"title":"Inscription - Explorum","robots":{"index":"index","follow":"follow","max-snippet":"max-snippet:-1","max-image-preview":"max-image-preview:large","max-video-preview":"max-video-preview:-1"},"canonical":"https:\/\/explorum.ca\/fr\/inscription\/","og_locale":"fr_FR","og_type":"article","og_title":"Inscription - Explorum","og_url":"https:\/\/explorum.ca\/fr\/inscription\/","og_site_name":"Explorum","article_publisher":"https:\/\/www.facebook.com\/explorum.ca","article_modified_time":"2025-01-13T12:59:44+00:00","twitter_card":"summary_large_image","twitter_misc":{"Dur\u00e9e de lecture estim\u00e9e":"1 minute"},"schema":{"@context":"https:\/\/schema.org","@graph":[{"@type":"WebPage","@id":"https:\/\/explorum.ca\/fr\/inscription\/","url":"https:\/\/explorum.ca\/fr\/inscription\/","name":"Inscription - Explorum","isPartOf":{"@id":"https:\/\/explorum.ca\/fr\/#website"},"datePublished":"2024-08-05T17:23:40+00:00","dateModified":"2025-01-13T12:59:44+00:00","breadcrumb":{"@id":"https:\/\/explorum.ca\/fr\/inscription\/#breadcrumb"},"inLanguage":"fr-FR","potentialAction":[{"@type":"ReadAction","target":["https:\/\/explorum.ca\/fr\/inscription\/"]}]},{"@type":"BreadcrumbList","@id":"https:\/\/explorum.ca\/fr\/inscription\/#breadcrumb","itemListElement":[{"@type":"ListItem","position":1,"name":"Home","item":"https:\/\/explorum.ca\/fr\/"},{"@type":"ListItem","position":2,"name":"Inscription"}]},{"@type":"WebSite","@id":"https:\/\/explorum.ca\/fr\/#website","url":"https:\/\/explorum.ca\/fr\/","name":"https:\/\/www.explorum.ca","description":"","publisher":{"@id":"https:\/\/explorum.ca\/fr\/#organization"},"potentialAction":[{"@type":"SearchAction","target":{"@type":"EntryPoint","urlTemplate":"https:\/\/explorum.ca\/fr\/?s={search_term_string}"},"query-input":{"@type":"PropertyValueSpecification","valueRequired":true,"valueName":"search_term_string"}}],"inLanguage":"fr-FR"},{"@type":"Organization","@id":"https:\/\/explorum.ca\/fr\/#organization","name":"EXPLORUM","url":"https:\/\/explorum.ca\/fr\/","logo":{"@type":"ImageObject","inLanguage":"fr-FR","@id":"https:\/\/explorum.ca\/fr\/#\/schema\/logo\/image\/","url":"https:\/\/explorum.ca\/wp-content\/uploads\/2024\/05\/cropped-Explorum_tag_Hor-R.png","contentUrl":"https:\/\/explorum.ca\/wp-content\/uploads\/2024\/05\/cropped-Explorum_tag_Hor-R.png","width":1450,"height":271,"caption":"EXPLORUM"},"image":{"@id":"https:\/\/explorum.ca\/fr\/#\/schema\/logo\/image\/"},"sameAs":["https:\/\/www.facebook.com\/explorum.ca","https:\/\/www.instagram.com\/explorum_fr\/","https:\/\/share.google\/Q7GPgMvpIzBiAq17L"]}]}},"_links":{"self":[{"href":"https:\/\/explorum.ca\/fr\/wp-json\/wp\/v2\/pages\/5371","targetHints":{"allow":["GET"]}}],"collection":[{"href":"https:\/\/explorum.ca\/fr\/wp-json\/wp\/v2\/pages"}],"about":[{"href":"https:\/\/explorum.ca\/fr\/wp-json\/wp\/v2\/types\/page"}],"author":[{"embeddable":true,"href":"https:\/\/explorum.ca\/fr\/wp-json\/wp\/v2\/users\/3"}],"replies":[{"embeddable":true,"href":"https:\/\/explorum.ca\/fr\/wp-json\/wp\/v2\/comments?post=5371"}],"version-history":[{"count":7,"href":"https:\/\/explorum.ca\/fr\/wp-json\/wp\/v2\/pages\/5371\/revisions"}],"predecessor-version":[{"id":6712,"href":"https:\/\/explorum.ca\/fr\/wp-json\/wp\/v2\/pages\/5371\/revisions\/6712"}],"wp:attachment":[{"href":"https:\/\/explorum.ca\/fr\/wp-json\/wp\/v2\/media?parent=5371"}],"curies":[{"name":"wp","href":"https:\/\/api.w.org\/{rel}","templated":true}]}}