{"id":5324,"date":"2024-08-17T13:10:14","date_gmt":"2024-08-17T13:10:14","guid":{"rendered":"https:\/\/explorum.ca\/programmes-extracurriculaires-inscription\/"},"modified":"2024-08-17T14:39:04","modified_gmt":"2024-08-17T14:39:04","slug":"programmes-extracurriculaires-inscription","status":"publish","type":"page","link":"https:\/\/explorum.ca\/fr\/programmes-extracurriculaires-inscription\/","title":{"rendered":"Programmes extracurriculaires &#8211; Inscription"},"content":{"rendered":"\t\t<div data-elementor-type=\"wp-page\" data-elementor-id=\"5324\" class=\"elementor elementor-5324 elementor-5225\" data-elementor-post-type=\"page\">\n\t\t\t\t<div class=\"elementor-element elementor-element-6e2f0ba e-flex e-con-boxed e-con e-parent\" data-id=\"6e2f0ba\" data-element_type=\"container\" data-e-type=\"container\" data-settings=\"{&quot;background_background&quot;:&quot;classic&quot;}\">\n\t\t\t\t\t<div class=\"e-con-inner\">\n\t\t\t\t\t<\/div>\n\t\t\t\t<\/div>\n\t\t<div class=\"elementor-element elementor-element-dd57948 e-flex e-con-boxed e-con e-parent\" data-id=\"dd57948\" data-element_type=\"container\" data-e-type=\"container\" data-settings=\"{&quot;background_background&quot;:&quot;classic&quot;}\">\n\t\t\t\t\t<div class=\"e-con-inner\">\n\t\t\t\t<div class=\"elementor-element elementor-element-26a7c05 elementor-button-align-stretch elementor-widget elementor-widget-form\" data-id=\"26a7c05\" data-element_type=\"widget\" data-e-type=\"widget\" data-settings=\"{&quot;step_next_label&quot;:&quot;Suivant&quot;,&quot;step_previous_label&quot;:&quot;Pr\\u00e9c\\u00e9dent&quot;,&quot;button_width&quot;:&quot;100&quot;,&quot;step_type&quot;:&quot;number_text&quot;,&quot;step_icon_shape&quot;:&quot;circle&quot;}\" data-widget_type=\"form.default\">\n\t\t\t\t<div class=\"elementor-widget-container\">\n\t\t\t\t\t\t\t<form class=\"elementor-form\" method=\"post\" name=\"Formulaire d&#039;inscription - programmes extracurriculaires\" aria-label=\"Formulaire d&#039;inscription - programmes extracurriculaires\">\n\t\t\t<input type=\"hidden\" name=\"post_id\" value=\"5324\"\/>\n\t\t\t<input type=\"hidden\" name=\"form_id\" value=\"26a7c05\"\/>\n\t\t\t<input type=\"hidden\" name=\"referer_title\" value=\"Programmes extracurriculaires - Inscription - Explorum\" \/>\n\n\t\t\t\t\t\t\t<input type=\"hidden\" name=\"queried_id\" value=\"5324\"\/>\n\t\t\t\n\t\t\t<div class=\"elementor-form-fields-wrapper elementor-labels-above\">\n\t\t\t\t\t\t\t\t<div class=\"elementor-field-type-text elementor-field-group elementor-column elementor-field-group-name elementor-col-50 elementor-field-required\">\n\t\t\t\t\t\t\t\t\t\t\t\t<label for=\"form-field-name\" class=\"elementor-field-label\">\n\t\t\t\t\t\t\t\tPr\u00e9nom\t\t\t\t\t\t\t<\/label>\n\t\t\t\t\t\t\t\t\t\t\t\t\t\t<input size=\"1\" type=\"text\" name=\"form_fields[name]\" id=\"form-field-name\" class=\"elementor-field elementor-size-sm  elementor-field-textual\" placeholder=\"Pr\u00e9nom\" required=\"required\">\n\t\t\t\t\t\t\t\t\t\t\t<\/div>\n\t\t\t\t\t\t\t\t<div class=\"elementor-field-type-text elementor-field-group elementor-column elementor-field-group-field_5f4ad97 elementor-col-50 elementor-field-required\">\n\t\t\t\t\t\t\t\t\t\t\t\t<label for=\"form-field-field_5f4ad97\" class=\"elementor-field-label\">\n\t\t\t\t\t\t\t\tNom\t\t\t\t\t\t\t<\/label>\n\t\t\t\t\t\t\t\t\t\t\t\t\t\t<input size=\"1\" type=\"text\" name=\"form_fields[field_5f4ad97]\" id=\"form-field-field_5f4ad97\" class=\"elementor-field elementor-size-sm  elementor-field-textual\" placeholder=\"Nom\" required=\"required\">\n\t\t\t\t\t\t\t\t\t\t\t<\/div>\n\t\t\t\t\t\t\t\t<div class=\"elementor-field-type-text elementor-field-group elementor-column elementor-field-group-field_e8e6b70 elementor-col-100 elementor-field-required\">\n\t\t\t\t\t\t\t\t\t\t\t\t<label for=\"form-field-field_e8e6b70\" class=\"elementor-field-label\">\n\t\t\t\t\t\t\t\tNom de l'\u00e9cole\/garderie\/centre\t\t\t\t\t\t\t<\/label>\n\t\t\t\t\t\t\t\t\t\t\t\t\t\t<input size=\"1\" type=\"text\" name=\"form_fields[field_e8e6b70]\" id=\"form-field-field_e8e6b70\" class=\"elementor-field elementor-size-sm  elementor-field-textual\" placeholder=\"Nom de l&#039;\u00e9cole\/garderie\/centre\" required=\"required\">\n\t\t\t\t\t\t\t\t\t\t\t<\/div>\n\t\t\t\t\t\t\t\t<div class=\"elementor-field-type-text elementor-field-group elementor-column elementor-field-group-field_d21d713 elementor-col-100 elementor-field-required\">\n\t\t\t\t\t\t\t\t\t\t\t\t<label for=\"form-field-field_d21d713\" class=\"elementor-field-label\">\n\t\t\t\t\t\t\t\tAdresse\t\t\t\t\t\t\t<\/label>\n\t\t\t\t\t\t\t\t\t\t\t\t\t\t<input size=\"1\" type=\"text\" name=\"form_fields[field_d21d713]\" id=\"form-field-field_d21d713\" class=\"elementor-field elementor-size-sm  elementor-field-textual\" placeholder=\"Adresse | Ville | Code postal\" required=\"required\">\n\t\t\t\t\t\t\t\t\t\t\t<\/div>\n\t\t\t\t\t\t\t\t<div class=\"elementor-field-type-select elementor-field-group elementor-column elementor-field-group-field_412d80a elementor-col-70 elementor-field-type-select-multiple elementor-field-required\">\n\t\t\t\t\t\t\t\t\t\t\t\t<label for=\"form-field-field_412d80a\" class=\"elementor-field-label\">\n\t\t\t\t\t\t\t\tQuel programme vous int\u00e9resse ? \t\t\t\t\t\t\t<\/label>\n\t\t\t\t\t\t\t\t<div class=\"elementor-field elementor-select-wrapper remove-before \">\n\t\t\t<div class=\"select-caret-down-wrapper\">\n\t\t\t\t\t\t\t<\/div>\n\t\t\t<select name=\"form_fields[field_412d80a][]\" id=\"form-field-field_412d80a\" class=\"elementor-field-textual elementor-size-sm\" required=\"required\" multiple=\"\" size=\"5\">\n\t\t\t\t\t\t\t\t\t<option value=\"Midis-en-STIAM \">Midis-en-STIAM <\/option>\n\t\t\t\t\t\t\t\t\t<option value=\"Programme apr\u00e8s l&#039;\u00e9cole \">Programme apr\u00e8s l&#039;\u00e9cole <\/option>\n\t\t\t\t\t\t\t\t\t<option value=\"Journ\u00e9es p\u00e9dagogiques \">Journ\u00e9es p\u00e9dagogiques <\/option>\n\t\t\t\t\t\t\t\t\t<option value=\"Camp (mars, \u00e9t\u00e9) \">Camp (mars, \u00e9t\u00e9) <\/option>\n\t\t\t\t\t\t\t\t\t<option value=\"Autre\">Autre<\/option>\n\t\t\t\t\t\t\t<\/select>\n\t\t<\/div>\n\t\t\t\t\t\t<\/div>\n\t\t\t\t\t\t\t\t<div class=\"elementor-field-type-tel elementor-field-group elementor-column elementor-field-group-field_e568374 elementor-col-50 elementor-field-required\">\n\t\t\t\t\t\t\t\t\t\t\t\t<label for=\"form-field-field_e568374\" class=\"elementor-field-label\">\n\t\t\t\t\t\t\t\tNum\u00e9ro de t\u00e9l\u00e9phone\t\t\t\t\t\t\t<\/label>\n\t\t\t\t\t\t\t\t<input size=\"1\" type=\"tel\" name=\"form_fields[field_e568374]\" id=\"form-field-field_e568374\" class=\"elementor-field elementor-size-sm  elementor-field-textual\" placeholder=\"T\u00e9l\u00e9phone 123-456-7890\" required=\"required\" pattern=\"[0-9()#&amp;+*-=.]+\" title=\"Seuls les caract\u00e8res de num\u00e9ros de t\u00e9l\u00e9phone (#, -, *, etc.) sont accept\u00e9s.\">\n\n\t\t\t\t\t\t<\/div>\n\t\t\t\t\t\t\t\t<div class=\"elementor-field-type-email elementor-field-group elementor-column elementor-field-group-email elementor-col-50 elementor-field-required\">\n\t\t\t\t\t\t\t\t\t\t\t\t<label for=\"form-field-email\" class=\"elementor-field-label\">\n\t\t\t\t\t\t\t\tCourriel\t\t\t\t\t\t\t<\/label>\n\t\t\t\t\t\t\t\t\t\t\t\t\t\t<input size=\"1\" type=\"email\" name=\"form_fields[email]\" id=\"form-field-email\" class=\"elementor-field elementor-size-sm  elementor-field-textual\" placeholder=\"Courriel\" required=\"required\">\n\t\t\t\t\t\t\t\t\t\t\t<\/div>\n\t\t\t\t\t\t\t\t<div class=\"elementor-field-type-date elementor-field-group elementor-column elementor-field-group-field_ee9a2d6 elementor-col-50 elementor-field-required\">\n\t\t\t\t\t\t\t\t\t\t\t\t<label for=\"form-field-field_ee9a2d6\" class=\"elementor-field-label\">\n\t\t\t\t\t\t\t\tDate du d\u00e9but de la session 1er choix\t\t\t\t\t\t\t<\/label>\n\t\t\t\t\t\t\n\t\t<input type=\"date\" name=\"form_fields[field_ee9a2d6]\" id=\"form-field-field_ee9a2d6\" class=\"elementor-field elementor-size-sm  elementor-field-textual elementor-date-field\" placeholder=\"Date\" required=\"required\" pattern=\"[0-9]{4}-[0-9]{2}-[0-9]{2}\" min=\"2024-09-16\">\n\t\t\t\t\t\t<\/div>\n\t\t\t\t\t\t\t\t<div class=\"elementor-field-type-date elementor-field-group elementor-column elementor-field-group-field_38243b6 elementor-col-50 elementor-field-required\">\n\t\t\t\t\t\t\t\t\t\t\t\t<label for=\"form-field-field_38243b6\" class=\"elementor-field-label\">\n\t\t\t\t\t\t\t\tDate du d\u00e9but de la session 2e choix\t\t\t\t\t\t\t<\/label>\n\t\t\t\t\t\t\n\t\t<input type=\"date\" name=\"form_fields[field_38243b6]\" id=\"form-field-field_38243b6\" class=\"elementor-field elementor-size-sm  elementor-field-textual elementor-date-field\" placeholder=\"Date\" required=\"required\" pattern=\"[0-9]{4}-[0-9]{2}-[0-9]{2}\">\n\t\t\t\t\t\t<\/div>\n\t\t\t\t\t\t\t\t<div class=\"elementor-field-type-number elementor-field-group elementor-column elementor-field-group-field_6a576ad elementor-col-70 elementor-field-required\">\n\t\t\t\t\t\t\t\t\t\t\t\t<label for=\"form-field-field_6a576ad\" class=\"elementor-field-label\">\n\t\t\t\t\t\t\t\tDur\u00e9e de la session (semaines)\t\t\t\t\t\t\t<\/label>\n\t\t\t\t\t\t\t\t\t<input type=\"number\" name=\"form_fields[field_6a576ad]\" id=\"form-field-field_6a576ad\" class=\"elementor-field elementor-size-sm  elementor-field-textual\" placeholder=\"Dur\u00e9e de la session (semaines)\" required=\"required\" min=\"\" max=\"\" >\n\t\t\t\t\t\t<\/div>\n\t\t\t\t\t\t\t\t<div class=\"elementor-field-type-select elementor-field-group elementor-column elementor-field-group-field_0a282d9 elementor-col-70 elementor-field-required\">\n\t\t\t\t\t\t\t\t\t\t\t\t<label for=\"form-field-field_0a282d9\" class=\"elementor-field-label\">\n\t\t\t\t\t\t\t\tFr\u00e9quence des ateliers\t\t\t\t\t\t\t<\/label>\n\t\t\t\t\t\t\t\t<div class=\"elementor-field elementor-select-wrapper remove-before \">\n\t\t\t<div class=\"select-caret-down-wrapper\">\n\t\t\t\t<svg aria-hidden=\"true\" class=\"e-font-icon-svg e-eicon-caret-down\" viewBox=\"0 0 571.4 571.4\" xmlns=\"http:\/\/www.w3.org\/2000\/svg\"><path d=\"M571 393Q571 407 561 418L311 668Q300 679 286 679T261 668L11 418Q0 407 0 393T11 368 36 357H536Q550 357 561 368T571 393Z\"><\/path><\/svg>\t\t\t<\/div>\n\t\t\t<select name=\"form_fields[field_0a282d9]\" id=\"form-field-field_0a282d9\" class=\"elementor-field-textual elementor-size-sm\" required=\"required\">\n\t\t\t\t\t\t\t\t\t<option value=\".\">.<\/option>\n\t\t\t\t\t\t\t\t\t<option value=\"Quotidiens\">Quotidiens<\/option>\n\t\t\t\t\t\t\t\t\t<option value=\"Hebdomadaires\">Hebdomadaires<\/option>\n\t\t\t\t\t\t\t\t\t<option value=\"Autre (veuillez indiquer votre choix dans les commentaires)\">Autre (veuillez indiquer votre choix dans les commentaires)<\/option>\n\t\t\t\t\t\t\t<\/select>\n\t\t<\/div>\n\t\t\t\t\t\t<\/div>\n\t\t\t\t\t\t\t\t<div class=\"elementor-field-type-time elementor-field-group elementor-column elementor-field-group-field_4d414b6 elementor-col-50 elementor-field-required\">\n\t\t\t\t\t\t\t\t\t\t\t\t<label for=\"form-field-field_4d414b6\" class=\"elementor-field-label\">\n\t\t\t\t\t\t\t\tHeure, 1er choix\t\t\t\t\t\t\t<\/label>\n\t\t\t\t\t\t\t\t<input type=\"time\" name=\"form_fields[field_4d414b6]\" id=\"form-field-field_4d414b6\" class=\"elementor-field elementor-size-sm  elementor-field-textual elementor-time-field\" placeholder=\"Heure\" required=\"required\">\n\t\t\t\t\t\t<\/div>\n\t\t\t\t\t\t\t\t<div class=\"elementor-field-type-time elementor-field-group elementor-column elementor-field-group-field_ed81d0e elementor-col-50 elementor-field-required\">\n\t\t\t\t\t\t\t\t\t\t\t\t<label for=\"form-field-field_ed81d0e\" class=\"elementor-field-label\">\n\t\t\t\t\t\t\t\tHeure 2\u00e8me choix\t\t\t\t\t\t\t<\/label>\n\t\t\t\t\t\t\t\t<input type=\"time\" name=\"form_fields[field_ed81d0e]\" id=\"form-field-field_ed81d0e\" class=\"elementor-field elementor-size-sm  elementor-field-textual elementor-time-field\" placeholder=\"Heure\" required=\"required\">\n\t\t\t\t\t\t<\/div>\n\t\t\t\t\t\t\t\t<div class=\"elementor-field-type-text elementor-field-group elementor-column elementor-field-group-field_495e63d elementor-col-30 elementor-field-required\">\n\t\t\t\t\t\t\t\t\t\t\t\t<label for=\"form-field-field_495e63d\" class=\"elementor-field-label\">\n\t\t\t\t\t\t\t\tNiveau scolaire \/ \u00e2ge des enfants \t\t\t\t\t\t\t<\/label>\n\t\t\t\t\t\t\t\t\t\t\t\t\t\t<input size=\"1\" type=\"text\" name=\"form_fields[field_495e63d]\" id=\"form-field-field_495e63d\" class=\"elementor-field elementor-size-sm  elementor-field-textual\" placeholder=\"Jardin \u00e0 8\u00e8me\" required=\"required\">\n\t\t\t\t\t\t\t\t\t\t\t<\/div>\n\t\t\t\t\t\t\t\t<div class=\"elementor-field-type-number elementor-field-group elementor-column elementor-field-group-field_5d1da2b elementor-col-30 elementor-field-required\">\n\t\t\t\t\t\t\t\t\t\t\t\t<label for=\"form-field-field_5d1da2b\" class=\"elementor-field-label\">\n\t\t\t\t\t\t\t\tNombre de participants\t\t\t\t\t\t\t<\/label>\n\t\t\t\t\t\t\t\t\t<input type=\"number\" name=\"form_fields[field_5d1da2b]\" id=\"form-field-field_5d1da2b\" class=\"elementor-field elementor-size-sm  elementor-field-textual\" placeholder=\"Nombre\" required=\"required\" min=\"6\" max=\"22\" >\n\t\t\t\t\t\t<\/div>\n\t\t\t\t\t\t\t\t<div class=\"elementor-field-type-text elementor-field-group elementor-column elementor-field-group-field_bd868e2 elementor-col-100\">\n\t\t\t\t\t\t\t\t\t\t\t\t<label for=\"form-field-field_bd868e2\" class=\"elementor-field-label\">\n\t\t\t\t\t\t\t\tNous vous sugg\u00e8rerons une s\u00e9rie d'ateliers bas\u00e9e sur vos pr\u00e9f\u00e9rences. Il y a-t-il des ateliers que vous voulez que nous incluions ?  \t\t\t\t\t\t\t<\/label>\n\t\t\t\t\t\t\t\t\t\t\t\t\t\t<input size=\"1\" type=\"text\" name=\"form_fields[field_bd868e2]\" id=\"form-field-field_bd868e2\" class=\"elementor-field elementor-size-sm  elementor-field-textual\" placeholder=\"Nom des ateliers\">\n\t\t\t\t\t\t\t\t\t\t\t<\/div>\n\t\t\t\t\t\t\t\t<div class=\"elementor-field-type-html elementor-field-group elementor-column elementor-field-group-field_b481f0b elementor-col-70\">\n\t\t\t\t\tTarif $315+HST\/atelier (rabais offerts pour r\u00e9servations multiples). Nous vous enverrons une facture quand les choix sont finalis\u00e9s. Un d\u00e9p\u00f4t de 25% est d\u00fb pour confirmer les dates. Le reste est d\u00fb dans la semaine de la livraison des ateliers   \t\t\t\t<\/div>\n\t\t\t\t\t\t\t\t<div class=\"elementor-field-type-text elementor-field-group elementor-column elementor-field-group-field_0258aa1 elementor-col-100\">\n\t\t\t\t\t\t\t\t\t\t\t\t<label for=\"form-field-field_0258aa1\" class=\"elementor-field-label\">\n\t\t\t\t\t\t\t\tAvez-vous des questions ou des commentaires ?\t\t\t\t\t\t\t<\/label>\n\t\t\t\t\t\t\t\t\t\t\t\t\t\t<input size=\"1\" type=\"text\" name=\"form_fields[field_0258aa1]\" id=\"form-field-field_0258aa1\" class=\"elementor-field elementor-size-sm  elementor-field-textual\" placeholder=\"Questions\/Commentaires\">\n\t\t\t\t\t\t\t\t\t\t\t<\/div>\n\t\t\t\t\t\t\t\t<div class=\"elementor-field-type-acceptance elementor-field-group elementor-column elementor-field-group-field_29b94ac elementor-col-100 elementor-field-required\">\n\t\t\t\t\t\t\t<div class=\"elementor-field-subgroup\">\n\t\t\t<span class=\"elementor-field-option\">\n\t\t\t\t<input type=\"checkbox\" name=\"form_fields[field_29b94ac]\" id=\"form-field-field_29b94ac\" class=\"elementor-field elementor-size-sm  elementor-acceptance-field\" required=\"required\">\n\t\t\t\t<label for=\"form-field-field_29b94ac\">Je suis homo sapiens<\/label>\t\t\t<\/span>\n\t\t<\/div>\n\t\t\t\t\t\t<\/div>\n\t\t\t\t\t\t\t\t<div class=\"elementor-field-group elementor-column elementor-field-type-submit elementor-col-100 e-form__buttons\">\n\t\t\t\t\t<button class=\"elementor-button elementor-size-sm\" type=\"submit\">\n\t\t\t\t\t\t<span class=\"elementor-button-content-wrapper\">\n\t\t\t\t\t\t\t\t\t\t\t\t\t\t\t\t\t\t\t\t\t\t<span class=\"elementor-button-text\">Envoyer<\/span>\n\t\t\t\t\t\t\t\t\t\t\t\t\t<\/span>\n\t\t\t\t\t<\/button>\n\t\t\t\t<\/div>\n\t\t\t<\/div>\n\t\t<\/form>\n\t\t\t\t\t\t<\/div>\n\t\t\t\t<\/div>\n\t\t\t\t\t<\/div>\n\t\t\t\t<\/div>\n\t\t\t\t<\/div>\n\t\t","protected":false},"excerpt":{"rendered":"","protected":false},"author":12,"featured_media":0,"parent":0,"menu_order":0,"comment_status":"closed","ping_status":"closed","template":"","meta":{"footnotes":""},"class_list":["post-5324","page","type-page","status-publish","hentry"],"yoast_head":"<!-- This site is optimized with the Yoast SEO plugin v27.5 - https:\/\/yoast.com\/product\/yoast-seo-wordpress\/ -->\n<title>Programmes extracurriculaires - Inscription - Explorum<\/title>\n<meta name=\"description\" content=\"Formulaire d&#039;inscription pour les programms extracurriculaires dans les \u00e9coles, centre communautaires, garderies, camps et plus...\" \/>\n<meta name=\"robots\" content=\"index, follow, max-snippet:-1, max-image-preview:large, max-video-preview:-1\" \/>\n<link rel=\"canonical\" href=\"https:\/\/explorum.ca\/fr\/programmes-extracurriculaires-inscription\/\" \/>\n<meta property=\"og:locale\" content=\"fr_FR\" \/>\n<meta property=\"og:type\" content=\"article\" \/>\n<meta property=\"og:title\" content=\"Programmes extracurriculaires - Inscription - Explorum\" \/>\n<meta property=\"og:description\" content=\"Formulaire d&#039;inscription pour les programms extracurriculaires dans les \u00e9coles, centre communautaires, garderies, camps et plus...\" \/>\n<meta property=\"og:url\" content=\"https:\/\/explorum.ca\/fr\/programmes-extracurriculaires-inscription\/\" \/>\n<meta property=\"og:site_name\" content=\"Explorum\" \/>\n<meta property=\"article:publisher\" content=\"https:\/\/www.facebook.com\/explorum.ca\" \/>\n<meta property=\"article:modified_time\" content=\"2024-08-17T14:39:04+00:00\" \/>\n<meta name=\"twitter:card\" content=\"summary_large_image\" \/>\n<meta name=\"twitter:label1\" content=\"Dur\u00e9e de lecture estim\u00e9e\" \/>\n\t<meta name=\"twitter:data1\" content=\"1 minute\" \/>\n<script type=\"application\/ld+json\" class=\"yoast-schema-graph\">{\"@context\":\"https:\\\/\\\/schema.org\",\"@graph\":[{\"@type\":\"WebPage\",\"@id\":\"https:\\\/\\\/explorum.ca\\\/fr\\\/programmes-extracurriculaires-inscription\\\/\",\"url\":\"https:\\\/\\\/explorum.ca\\\/fr\\\/programmes-extracurriculaires-inscription\\\/\",\"name\":\"Programmes extracurriculaires - Inscription - Explorum\",\"isPartOf\":{\"@id\":\"https:\\\/\\\/explorum.ca\\\/fr\\\/#website\"},\"datePublished\":\"2024-08-17T13:10:14+00:00\",\"dateModified\":\"2024-08-17T14:39:04+00:00\",\"description\":\"Formulaire d'inscription pour les programms extracurriculaires dans les \u00e9coles, centre communautaires, garderies, camps et plus...\",\"breadcrumb\":{\"@id\":\"https:\\\/\\\/explorum.ca\\\/fr\\\/programmes-extracurriculaires-inscription\\\/#breadcrumb\"},\"inLanguage\":\"fr-FR\",\"potentialAction\":[{\"@type\":\"ReadAction\",\"target\":[\"https:\\\/\\\/explorum.ca\\\/fr\\\/programmes-extracurriculaires-inscription\\\/\"]}]},{\"@type\":\"BreadcrumbList\",\"@id\":\"https:\\\/\\\/explorum.ca\\\/fr\\\/programmes-extracurriculaires-inscription\\\/#breadcrumb\",\"itemListElement\":[{\"@type\":\"ListItem\",\"position\":1,\"name\":\"Home\",\"item\":\"https:\\\/\\\/explorum.ca\\\/fr\\\/\"},{\"@type\":\"ListItem\",\"position\":2,\"name\":\"Programmes extracurriculaires &#8211; Inscription\"}]},{\"@type\":\"WebSite\",\"@id\":\"https:\\\/\\\/explorum.ca\\\/fr\\\/#website\",\"url\":\"https:\\\/\\\/explorum.ca\\\/fr\\\/\",\"name\":\"https:\\\/\\\/www.explorum.ca\",\"description\":\"\",\"publisher\":{\"@id\":\"https:\\\/\\\/explorum.ca\\\/fr\\\/#organization\"},\"potentialAction\":[{\"@type\":\"SearchAction\",\"target\":{\"@type\":\"EntryPoint\",\"urlTemplate\":\"https:\\\/\\\/explorum.ca\\\/fr\\\/?s={search_term_string}\"},\"query-input\":{\"@type\":\"PropertyValueSpecification\",\"valueRequired\":true,\"valueName\":\"search_term_string\"}}],\"inLanguage\":\"fr-FR\"},{\"@type\":\"Organization\",\"@id\":\"https:\\\/\\\/explorum.ca\\\/fr\\\/#organization\",\"name\":\"EXPLORUM\",\"url\":\"https:\\\/\\\/explorum.ca\\\/fr\\\/\",\"logo\":{\"@type\":\"ImageObject\",\"inLanguage\":\"fr-FR\",\"@id\":\"https:\\\/\\\/explorum.ca\\\/fr\\\/#\\\/schema\\\/logo\\\/image\\\/\",\"url\":\"https:\\\/\\\/explorum.ca\\\/wp-content\\\/uploads\\\/2024\\\/05\\\/cropped-Explorum_tag_Hor-R.png\",\"contentUrl\":\"https:\\\/\\\/explorum.ca\\\/wp-content\\\/uploads\\\/2024\\\/05\\\/cropped-Explorum_tag_Hor-R.png\",\"width\":1450,\"height\":271,\"caption\":\"EXPLORUM\"},\"image\":{\"@id\":\"https:\\\/\\\/explorum.ca\\\/fr\\\/#\\\/schema\\\/logo\\\/image\\\/\"},\"sameAs\":[\"https:\\\/\\\/www.facebook.com\\\/explorum.ca\",\"https:\\\/\\\/www.instagram.com\\\/explorum_fr\\\/\",\"https:\\\/\\\/share.google\\\/Q7GPgMvpIzBiAq17L\"]}]}<\/script>\n<!-- \/ Yoast SEO plugin. -->","yoast_head_json":{"title":"Programmes extracurriculaires - Inscription - Explorum","description":"Formulaire d'inscription pour les programms extracurriculaires dans les \u00e9coles, centre communautaires, garderies, camps et plus...","robots":{"index":"index","follow":"follow","max-snippet":"max-snippet:-1","max-image-preview":"max-image-preview:large","max-video-preview":"max-video-preview:-1"},"canonical":"https:\/\/explorum.ca\/fr\/programmes-extracurriculaires-inscription\/","og_locale":"fr_FR","og_type":"article","og_title":"Programmes extracurriculaires - Inscription - Explorum","og_description":"Formulaire d'inscription pour les programms extracurriculaires dans les \u00e9coles, centre communautaires, garderies, camps et plus...","og_url":"https:\/\/explorum.ca\/fr\/programmes-extracurriculaires-inscription\/","og_site_name":"Explorum","article_publisher":"https:\/\/www.facebook.com\/explorum.ca","article_modified_time":"2024-08-17T14:39:04+00:00","twitter_card":"summary_large_image","twitter_misc":{"Dur\u00e9e de lecture estim\u00e9e":"1 minute"},"schema":{"@context":"https:\/\/schema.org","@graph":[{"@type":"WebPage","@id":"https:\/\/explorum.ca\/fr\/programmes-extracurriculaires-inscription\/","url":"https:\/\/explorum.ca\/fr\/programmes-extracurriculaires-inscription\/","name":"Programmes extracurriculaires - Inscription - Explorum","isPartOf":{"@id":"https:\/\/explorum.ca\/fr\/#website"},"datePublished":"2024-08-17T13:10:14+00:00","dateModified":"2024-08-17T14:39:04+00:00","description":"Formulaire d'inscription pour les programms extracurriculaires dans les \u00e9coles, centre communautaires, garderies, camps et plus...","breadcrumb":{"@id":"https:\/\/explorum.ca\/fr\/programmes-extracurriculaires-inscription\/#breadcrumb"},"inLanguage":"fr-FR","potentialAction":[{"@type":"ReadAction","target":["https:\/\/explorum.ca\/fr\/programmes-extracurriculaires-inscription\/"]}]},{"@type":"BreadcrumbList","@id":"https:\/\/explorum.ca\/fr\/programmes-extracurriculaires-inscription\/#breadcrumb","itemListElement":[{"@type":"ListItem","position":1,"name":"Home","item":"https:\/\/explorum.ca\/fr\/"},{"@type":"ListItem","position":2,"name":"Programmes extracurriculaires &#8211; Inscription"}]},{"@type":"WebSite","@id":"https:\/\/explorum.ca\/fr\/#website","url":"https:\/\/explorum.ca\/fr\/","name":"https:\/\/www.explorum.ca","description":"","publisher":{"@id":"https:\/\/explorum.ca\/fr\/#organization"},"potentialAction":[{"@type":"SearchAction","target":{"@type":"EntryPoint","urlTemplate":"https:\/\/explorum.ca\/fr\/?s={search_term_string}"},"query-input":{"@type":"PropertyValueSpecification","valueRequired":true,"valueName":"search_term_string"}}],"inLanguage":"fr-FR"},{"@type":"Organization","@id":"https:\/\/explorum.ca\/fr\/#organization","name":"EXPLORUM","url":"https:\/\/explorum.ca\/fr\/","logo":{"@type":"ImageObject","inLanguage":"fr-FR","@id":"https:\/\/explorum.ca\/fr\/#\/schema\/logo\/image\/","url":"https:\/\/explorum.ca\/wp-content\/uploads\/2024\/05\/cropped-Explorum_tag_Hor-R.png","contentUrl":"https:\/\/explorum.ca\/wp-content\/uploads\/2024\/05\/cropped-Explorum_tag_Hor-R.png","width":1450,"height":271,"caption":"EXPLORUM"},"image":{"@id":"https:\/\/explorum.ca\/fr\/#\/schema\/logo\/image\/"},"sameAs":["https:\/\/www.facebook.com\/explorum.ca","https:\/\/www.instagram.com\/explorum_fr\/","https:\/\/share.google\/Q7GPgMvpIzBiAq17L"]}]}},"_links":{"self":[{"href":"https:\/\/explorum.ca\/fr\/wp-json\/wp\/v2\/pages\/5324","targetHints":{"allow":["GET"]}}],"collection":[{"href":"https:\/\/explorum.ca\/fr\/wp-json\/wp\/v2\/pages"}],"about":[{"href":"https:\/\/explorum.ca\/fr\/wp-json\/wp\/v2\/types\/page"}],"author":[{"embeddable":true,"href":"https:\/\/explorum.ca\/fr\/wp-json\/wp\/v2\/users\/12"}],"replies":[{"embeddable":true,"href":"https:\/\/explorum.ca\/fr\/wp-json\/wp\/v2\/comments?post=5324"}],"version-history":[{"count":13,"href":"https:\/\/explorum.ca\/fr\/wp-json\/wp\/v2\/pages\/5324\/revisions"}],"predecessor-version":[{"id":5354,"href":"https:\/\/explorum.ca\/fr\/wp-json\/wp\/v2\/pages\/5324\/revisions\/5354"}],"wp:attachment":[{"href":"https:\/\/explorum.ca\/fr\/wp-json\/wp\/v2\/media?parent=5324"}],"curies":[{"name":"wp","href":"https:\/\/api.w.org\/{rel}","templated":true}]}}