{"id":4884,"date":"2024-08-06T20:03:37","date_gmt":"2024-08-06T20:03:37","guid":{"rendered":"https:\/\/explorum.ca\/temoignage\/"},"modified":"2024-11-01T13:35:18","modified_gmt":"2024-11-01T13:35:18","slug":"temoignages","status":"publish","type":"page","link":"https:\/\/explorum.ca\/fr\/temoignages\/","title":{"rendered":"T\u00e9moignages"},"content":{"rendered":"\t\t<div data-elementor-type=\"wp-page\" data-elementor-id=\"4884\" class=\"elementor elementor-4884 elementor-3475\" data-elementor-post-type=\"page\">\n\t\t\t\t<div class=\"elementor-element elementor-element-3540a30 e-flex e-con-boxed e-con e-parent\" data-id=\"3540a30\" data-element_type=\"container\" data-e-type=\"container\" data-settings=\"{&quot;background_background&quot;:&quot;classic&quot;}\">\n\t\t\t\t\t<div class=\"e-con-inner\">\n\t\t\t\t\t<\/div>\n\t\t\t\t<\/div>\n\t\t<div class=\"elementor-element elementor-element-3435f86 e-flex e-con-boxed e-con e-parent\" data-id=\"3435f86\" data-element_type=\"container\" data-e-type=\"container\">\n\t\t\t\t\t<div class=\"e-con-inner\">\n\t\t<div class=\"elementor-element elementor-element-03fdb38 e-grid e-con-full e-con e-child\" data-id=\"03fdb38\" data-element_type=\"container\" data-e-type=\"container\">\n\t\t\t\t<div class=\"elementor-element elementor-element-c8df7dc elementor-widget elementor-widget-testimonial\" data-id=\"c8df7dc\" data-element_type=\"widget\" data-e-type=\"widget\" data-widget_type=\"testimonial.default\">\n\t\t\t\t<div class=\"elementor-widget-container\">\n\t\t\t\t\t\t\t<div class=\"elementor-testimonial-wrapper\">\n\t\t\t\t\t\t\t<div class=\"elementor-testimonial-content\">EXPLORUM virtual programs are great at providing an educational and entertaining experience for kids. The facilitators are very informative and pay attention to individual needs. We tried it with both smaller group of 4 and big group of 18.\n\nFinding such programs in French is hard in Toronto.\n\u200b\n<\/div>\n\t\t\t\n\t\t\t\t\t\t<div class=\"elementor-testimonial-meta\">\n\t\t\t\t<div class=\"elementor-testimonial-meta-inner\">\n\t\t\t\t\t\n\t\t\t\t\t\t\t\t\t\t<div class=\"elementor-testimonial-details\">\n\t\t\t\t\t\t\t\t\t\t\t\t\t\t<div class=\"elementor-testimonial-name\">Reem<\/div>\n\t\t\t\t\t\t\t\t\t\t\t\t\t\t\t\t\t\t\t\t\t\t<div class=\"elementor-testimonial-job\">Mother of 8-year-old boy <\/div>\n\t\t\t\t\t\t\t\t\t\t\t\t\t<\/div>\n\t\t\t\t\t\t\t\t\t<\/div>\n\t\t\t<\/div>\n\t\t\t\t\t<\/div>\n\t\t\t\t\t\t<\/div>\n\t\t\t\t<\/div>\n\t\t\t\t<div class=\"elementor-element elementor-element-6bffe54 elementor-widget elementor-widget-testimonial\" data-id=\"6bffe54\" data-element_type=\"widget\" data-e-type=\"widget\" data-widget_type=\"testimonial.default\">\n\t\t\t\t<div class=\"elementor-widget-container\">\n\t\t\t\t\t\t\t<div class=\"elementor-testimonial-wrapper\">\n\t\t\t\t\t\t\t<div class=\"elementor-testimonial-content\">My son was initially overwhelmed by how well everyone spoke and how little he understood. You really helped to make it understandable and less stressful for him.  So thank you for making him feel comfortable to be willing to try to speak French. Which he did which was a big first step. I feel like this class will actually get him learning to speak French without the stress of having to worry about all the other details like grammar and conjugaisons.\u200b\n<\/div>\n\t\t\t\n\t\t\t\t\t\t<div class=\"elementor-testimonial-meta\">\n\t\t\t\t<div class=\"elementor-testimonial-meta-inner\">\n\t\t\t\t\t\n\t\t\t\t\t\t\t\t\t\t<div class=\"elementor-testimonial-details\">\n\t\t\t\t\t\t\t\t\t\t\t\t\t\t<div class=\"elementor-testimonial-name\">Lisa<\/div>\n\t\t\t\t\t\t\t\t\t\t\t\t\t\t\t\t\t\t\t\t\t\t<div class=\"elementor-testimonial-job\">Mother of 13-year-old boy<\/div>\n\t\t\t\t\t\t\t\t\t\t\t\t\t<\/div>\n\t\t\t\t\t\t\t\t\t<\/div>\n\t\t\t<\/div>\n\t\t\t\t\t<\/div>\n\t\t\t\t\t\t<\/div>\n\t\t\t\t<\/div>\n\t\t\t\t<div class=\"elementor-element elementor-element-c74a7aa elementor-widget elementor-widget-testimonial\" data-id=\"c74a7aa\" data-element_type=\"widget\" data-e-type=\"widget\" data-widget_type=\"testimonial.default\">\n\t\t\t\t<div class=\"elementor-widget-container\">\n\t\t\t\t\t\t\t<div class=\"elementor-testimonial-wrapper\">\n\t\t\t\t\t\t\t<div class=\"elementor-testimonial-content\">Explorum repr\u00e9sente aux yeux de ma fille un m\u00e9lange d'apprentissage et de fun !! \nLa personne qui dirigeait la classe faisait en sorte que tous les enfants \u00e9taient inclus et que leur niveau de curiosit\u00e9 augmentait.\nMa fille a pris plaisir \u00e0 suivre les directives simples et concises. Les enfants sont tellement capt\u00e9s par l\u2019exp\u00e9rience qu'ils finissent par oublier qu'ils font des sciences !! Un programme fantastique, qui r\u00e9veille la curiosit\u00e9 des enfants !! \n<\/div>\n\t\t\t\n\t\t\t\t\t\t<div class=\"elementor-testimonial-meta\">\n\t\t\t\t<div class=\"elementor-testimonial-meta-inner\">\n\t\t\t\t\t\n\t\t\t\t\t\t\t\t\t\t<div class=\"elementor-testimonial-details\">\n\t\t\t\t\t\t\t\t\t\t\t\t\t\t<div class=\"elementor-testimonial-name\">Ghada<\/div>\n\t\t\t\t\t\t\t\t\t\t\t\t\t\t\t\t\t\t\t\t\t\t<div class=\"elementor-testimonial-job\">Maman d'une fille de 7 ans<\/div>\n\t\t\t\t\t\t\t\t\t\t\t\t\t<\/div>\n\t\t\t\t\t\t\t\t\t<\/div>\n\t\t\t<\/div>\n\t\t\t\t\t<\/div>\n\t\t\t\t\t\t<\/div>\n\t\t\t\t<\/div>\n\t\t\t\t<\/div>\n\t\t<div class=\"elementor-element elementor-element-efa4fb5 e-grid e-con-full e-con e-child\" data-id=\"efa4fb5\" data-element_type=\"container\" data-e-type=\"container\">\n\t\t\t\t<div class=\"elementor-element elementor-element-1784cc1 elementor-widget elementor-widget-testimonial\" data-id=\"1784cc1\" data-element_type=\"widget\" data-e-type=\"widget\" data-widget_type=\"testimonial.default\">\n\t\t\t\t<div class=\"elementor-widget-container\">\n\t\t\t\t\t\t\t<div class=\"elementor-testimonial-wrapper\">\n\t\t\t\t\t\t\t<div class=\"elementor-testimonial-content\">Merci pour avoir anim\u00e9 l'atelier d'hier. M\u2026 dit avoir aim\u00e9 et dit vouloir continuer \u00e0 faire d'autres activit\u00e9s. Merci infiniment pour le temps pass\u00e9 avec les enfants de La Maison et de permettre aux enfants \u00e0 explorer leur cr\u00e9ativit\u00e9.<\/div>\n\t\t\t\n\t\t\t\t\t\t<div class=\"elementor-testimonial-meta\">\n\t\t\t\t<div class=\"elementor-testimonial-meta-inner\">\n\t\t\t\t\t\n\t\t\t\t\t\t\t\t\t\t<div class=\"elementor-testimonial-details\">\n\t\t\t\t\t\t\t\t\t\t\t\t\t\t<div class=\"elementor-testimonial-name\">Anonymous<\/div>\n\t\t\t\t\t\t\t\t\t\t\t\t\t\t\t\t\t\t\t\t\t\t<div class=\"elementor-testimonial-job\">Coordinatrice \u00e0 \" La Maison ' <\/div>\n\t\t\t\t\t\t\t\t\t\t\t\t\t<\/div>\n\t\t\t\t\t\t\t\t\t<\/div>\n\t\t\t<\/div>\n\t\t\t\t\t<\/div>\n\t\t\t\t\t\t<\/div>\n\t\t\t\t<\/div>\n\t\t\t\t<div class=\"elementor-element elementor-element-60d1153 elementor-widget elementor-widget-testimonial\" data-id=\"60d1153\" data-element_type=\"widget\" data-e-type=\"widget\" data-widget_type=\"testimonial.default\">\n\t\t\t\t<div class=\"elementor-widget-container\">\n\t\t\t\t\t\t\t<div class=\"elementor-testimonial-wrapper\">\n\t\t\t\t\t\t\t<div class=\"elementor-testimonial-content\">Both of my kids have experienced Explorum\u2019s workshop in person as well as virtually. It was amazing to have fun activities like this one available while the kids were at home. Lots of fun and engaging, bilingual instructors!<\/div>\n\t\t\t\n\t\t\t\t\t\t<div class=\"elementor-testimonial-meta\">\n\t\t\t\t<div class=\"elementor-testimonial-meta-inner\">\n\t\t\t\t\t\n\t\t\t\t\t\t\t\t\t\t<div class=\"elementor-testimonial-details\">\n\t\t\t\t\t\t\t\t\t\t\t\t\t\t<div class=\"elementor-testimonial-name\">Leyah<\/div>\n\t\t\t\t\t\t\t\t\t\t\t\t\t\t\t\t\t\t\t\t\t\t<div class=\"elementor-testimonial-job\">Maman d'enfants de 10 et 13 ans<\/div>\n\t\t\t\t\t\t\t\t\t\t\t\t\t<\/div>\n\t\t\t\t\t\t\t\t\t<\/div>\n\t\t\t<\/div>\n\t\t\t\t\t<\/div>\n\t\t\t\t\t\t<\/div>\n\t\t\t\t<\/div>\n\t\t\t\t<div class=\"elementor-element elementor-element-15b410c elementor-widget elementor-widget-testimonial\" data-id=\"15b410c\" data-element_type=\"widget\" data-e-type=\"widget\" data-widget_type=\"testimonial.default\">\n\t\t\t\t<div class=\"elementor-widget-container\">\n\t\t\t\t\t\t\t<div class=\"elementor-testimonial-wrapper\">\n\t\t\t\t\t\t\t<div class=\"elementor-testimonial-content\">I have nothing but the highest recommendation for Explorum! Both of my boys have enjoyed the fascinating, hands on workshops in school and at private parties. Explorum is unique and above all the kids not only have fun but actually learn through the magic of science!<\/div>\n\t\t\t\n\t\t\t\t\t\t<div class=\"elementor-testimonial-meta\">\n\t\t\t\t<div class=\"elementor-testimonial-meta-inner\">\n\t\t\t\t\t\n\t\t\t\t\t\t\t\t\t\t<div class=\"elementor-testimonial-details\">\n\t\t\t\t\t\t\t\t\t\t\t\t\t\t<div class=\"elementor-testimonial-name\">Charlotte<\/div>\n\t\t\t\t\t\t\t\t\t\t\t\t\t\t\t\t\t\t\t\t\t\t<div class=\"elementor-testimonial-job\">Maman d'enfants de 10 et 12 ans<\/div>\n\t\t\t\t\t\t\t\t\t\t\t\t\t<\/div>\n\t\t\t\t\t\t\t\t\t<\/div>\n\t\t\t<\/div>\n\t\t\t\t\t<\/div>\n\t\t\t\t\t\t<\/div>\n\t\t\t\t<\/div>\n\t\t\t\t<\/div>\n\t\t\t\t\t<\/div>\n\t\t\t\t<\/div>\n\t\t\t\t<\/div>\n\t\t","protected":false},"excerpt":{"rendered":"<p>EXPLORUM virtual programs are great at providing an educational and entertaining experience for kids. The facilitators are very informative and pay attention to individual needs. We tried it with both smaller group of 4 and big group of 18. Finding such programs in French is hard in Toronto. \u200b Reem Mother of 8-year-old boy My [&hellip;]<\/p>\n","protected":false},"author":3,"featured_media":0,"parent":0,"menu_order":0,"comment_status":"closed","ping_status":"closed","template":"","meta":{"footnotes":""},"class_list":["post-4884","page","type-page","status-publish","hentry"],"yoast_head":"<!-- This site is optimized with the Yoast SEO plugin v27.5 - https:\/\/yoast.com\/product\/yoast-seo-wordpress\/ -->\n<title>T\u00e9moignages - Explorum<\/title>\n<meta name=\"robots\" content=\"index, follow, max-snippet:-1, max-image-preview:large, max-video-preview:-1\" \/>\n<link rel=\"canonical\" href=\"https:\/\/explorum.ca\/fr\/temoignages\/\" \/>\n<meta property=\"og:locale\" content=\"fr_FR\" \/>\n<meta property=\"og:type\" content=\"article\" \/>\n<meta property=\"og:title\" content=\"T\u00e9moignages - Explorum\" \/>\n<meta property=\"og:description\" content=\"EXPLORUM virtual programs are great at providing an educational and entertaining experience for kids. The facilitators are very informative and pay attention to individual needs. We tried it with both smaller group of 4 and big group of 18. Finding such programs in French is hard in Toronto. \u200b Reem Mother of 8-year-old boy My [&hellip;]\" \/>\n<meta property=\"og:url\" content=\"https:\/\/explorum.ca\/fr\/temoignages\/\" \/>\n<meta property=\"og:site_name\" content=\"Explorum\" \/>\n<meta property=\"article:publisher\" content=\"https:\/\/www.facebook.com\/explorum.ca\" \/>\n<meta property=\"article:modified_time\" content=\"2024-11-01T13:35:18+00:00\" \/>\n<meta name=\"twitter:card\" content=\"summary_large_image\" \/>\n<meta name=\"twitter:label1\" content=\"Dur\u00e9e de lecture estim\u00e9e\" \/>\n\t<meta name=\"twitter:data1\" content=\"2 minutes\" \/>\n<script type=\"application\/ld+json\" class=\"yoast-schema-graph\">{\"@context\":\"https:\\\/\\\/schema.org\",\"@graph\":[{\"@type\":\"WebPage\",\"@id\":\"https:\\\/\\\/explorum.ca\\\/fr\\\/temoignages\\\/\",\"url\":\"https:\\\/\\\/explorum.ca\\\/fr\\\/temoignages\\\/\",\"name\":\"T\u00e9moignages - Explorum\",\"isPartOf\":{\"@id\":\"https:\\\/\\\/explorum.ca\\\/fr\\\/#website\"},\"datePublished\":\"2024-08-06T20:03:37+00:00\",\"dateModified\":\"2024-11-01T13:35:18+00:00\",\"breadcrumb\":{\"@id\":\"https:\\\/\\\/explorum.ca\\\/fr\\\/temoignages\\\/#breadcrumb\"},\"inLanguage\":\"fr-FR\",\"potentialAction\":[{\"@type\":\"ReadAction\",\"target\":[\"https:\\\/\\\/explorum.ca\\\/fr\\\/temoignages\\\/\"]}]},{\"@type\":\"BreadcrumbList\",\"@id\":\"https:\\\/\\\/explorum.ca\\\/fr\\\/temoignages\\\/#breadcrumb\",\"itemListElement\":[{\"@type\":\"ListItem\",\"position\":1,\"name\":\"Home\",\"item\":\"https:\\\/\\\/explorum.ca\\\/fr\\\/\"},{\"@type\":\"ListItem\",\"position\":2,\"name\":\"T\u00e9moignages\"}]},{\"@type\":\"WebSite\",\"@id\":\"https:\\\/\\\/explorum.ca\\\/fr\\\/#website\",\"url\":\"https:\\\/\\\/explorum.ca\\\/fr\\\/\",\"name\":\"https:\\\/\\\/www.explorum.ca\",\"description\":\"\",\"publisher\":{\"@id\":\"https:\\\/\\\/explorum.ca\\\/fr\\\/#organization\"},\"potentialAction\":[{\"@type\":\"SearchAction\",\"target\":{\"@type\":\"EntryPoint\",\"urlTemplate\":\"https:\\\/\\\/explorum.ca\\\/fr\\\/?s={search_term_string}\"},\"query-input\":{\"@type\":\"PropertyValueSpecification\",\"valueRequired\":true,\"valueName\":\"search_term_string\"}}],\"inLanguage\":\"fr-FR\"},{\"@type\":\"Organization\",\"@id\":\"https:\\\/\\\/explorum.ca\\\/fr\\\/#organization\",\"name\":\"EXPLORUM\",\"url\":\"https:\\\/\\\/explorum.ca\\\/fr\\\/\",\"logo\":{\"@type\":\"ImageObject\",\"inLanguage\":\"fr-FR\",\"@id\":\"https:\\\/\\\/explorum.ca\\\/fr\\\/#\\\/schema\\\/logo\\\/image\\\/\",\"url\":\"https:\\\/\\\/explorum.ca\\\/wp-content\\\/uploads\\\/2024\\\/05\\\/cropped-Explorum_tag_Hor-R.png\",\"contentUrl\":\"https:\\\/\\\/explorum.ca\\\/wp-content\\\/uploads\\\/2024\\\/05\\\/cropped-Explorum_tag_Hor-R.png\",\"width\":1450,\"height\":271,\"caption\":\"EXPLORUM\"},\"image\":{\"@id\":\"https:\\\/\\\/explorum.ca\\\/fr\\\/#\\\/schema\\\/logo\\\/image\\\/\"},\"sameAs\":[\"https:\\\/\\\/www.facebook.com\\\/explorum.ca\",\"https:\\\/\\\/www.instagram.com\\\/explorum_fr\\\/\",\"https:\\\/\\\/share.google\\\/Q7GPgMvpIzBiAq17L\"]}]}<\/script>\n<!-- \/ Yoast SEO plugin. -->","yoast_head_json":{"title":"T\u00e9moignages - Explorum","robots":{"index":"index","follow":"follow","max-snippet":"max-snippet:-1","max-image-preview":"max-image-preview:large","max-video-preview":"max-video-preview:-1"},"canonical":"https:\/\/explorum.ca\/fr\/temoignages\/","og_locale":"fr_FR","og_type":"article","og_title":"T\u00e9moignages - Explorum","og_description":"EXPLORUM virtual programs are great at providing an educational and entertaining experience for kids. The facilitators are very informative and pay attention to individual needs. We tried it with both smaller group of 4 and big group of 18. Finding such programs in French is hard in Toronto. \u200b Reem Mother of 8-year-old boy My [&hellip;]","og_url":"https:\/\/explorum.ca\/fr\/temoignages\/","og_site_name":"Explorum","article_publisher":"https:\/\/www.facebook.com\/explorum.ca","article_modified_time":"2024-11-01T13:35:18+00:00","twitter_card":"summary_large_image","twitter_misc":{"Dur\u00e9e de lecture estim\u00e9e":"2 minutes"},"schema":{"@context":"https:\/\/schema.org","@graph":[{"@type":"WebPage","@id":"https:\/\/explorum.ca\/fr\/temoignages\/","url":"https:\/\/explorum.ca\/fr\/temoignages\/","name":"T\u00e9moignages - Explorum","isPartOf":{"@id":"https:\/\/explorum.ca\/fr\/#website"},"datePublished":"2024-08-06T20:03:37+00:00","dateModified":"2024-11-01T13:35:18+00:00","breadcrumb":{"@id":"https:\/\/explorum.ca\/fr\/temoignages\/#breadcrumb"},"inLanguage":"fr-FR","potentialAction":[{"@type":"ReadAction","target":["https:\/\/explorum.ca\/fr\/temoignages\/"]}]},{"@type":"BreadcrumbList","@id":"https:\/\/explorum.ca\/fr\/temoignages\/#breadcrumb","itemListElement":[{"@type":"ListItem","position":1,"name":"Home","item":"https:\/\/explorum.ca\/fr\/"},{"@type":"ListItem","position":2,"name":"T\u00e9moignages"}]},{"@type":"WebSite","@id":"https:\/\/explorum.ca\/fr\/#website","url":"https:\/\/explorum.ca\/fr\/","name":"https:\/\/www.explorum.ca","description":"","publisher":{"@id":"https:\/\/explorum.ca\/fr\/#organization"},"potentialAction":[{"@type":"SearchAction","target":{"@type":"EntryPoint","urlTemplate":"https:\/\/explorum.ca\/fr\/?s={search_term_string}"},"query-input":{"@type":"PropertyValueSpecification","valueRequired":true,"valueName":"search_term_string"}}],"inLanguage":"fr-FR"},{"@type":"Organization","@id":"https:\/\/explorum.ca\/fr\/#organization","name":"EXPLORUM","url":"https:\/\/explorum.ca\/fr\/","logo":{"@type":"ImageObject","inLanguage":"fr-FR","@id":"https:\/\/explorum.ca\/fr\/#\/schema\/logo\/image\/","url":"https:\/\/explorum.ca\/wp-content\/uploads\/2024\/05\/cropped-Explorum_tag_Hor-R.png","contentUrl":"https:\/\/explorum.ca\/wp-content\/uploads\/2024\/05\/cropped-Explorum_tag_Hor-R.png","width":1450,"height":271,"caption":"EXPLORUM"},"image":{"@id":"https:\/\/explorum.ca\/fr\/#\/schema\/logo\/image\/"},"sameAs":["https:\/\/www.facebook.com\/explorum.ca","https:\/\/www.instagram.com\/explorum_fr\/","https:\/\/share.google\/Q7GPgMvpIzBiAq17L"]}]}},"_links":{"self":[{"href":"https:\/\/explorum.ca\/fr\/wp-json\/wp\/v2\/pages\/4884","targetHints":{"allow":["GET"]}}],"collection":[{"href":"https:\/\/explorum.ca\/fr\/wp-json\/wp\/v2\/pages"}],"about":[{"href":"https:\/\/explorum.ca\/fr\/wp-json\/wp\/v2\/types\/page"}],"author":[{"embeddable":true,"href":"https:\/\/explorum.ca\/fr\/wp-json\/wp\/v2\/users\/3"}],"replies":[{"embeddable":true,"href":"https:\/\/explorum.ca\/fr\/wp-json\/wp\/v2\/comments?post=4884"}],"version-history":[{"count":13,"href":"https:\/\/explorum.ca\/fr\/wp-json\/wp\/v2\/pages\/4884\/revisions"}],"predecessor-version":[{"id":6679,"href":"https:\/\/explorum.ca\/fr\/wp-json\/wp\/v2\/pages\/4884\/revisions\/6679"}],"wp:attachment":[{"href":"https:\/\/explorum.ca\/fr\/wp-json\/wp\/v2\/media?parent=4884"}],"curies":[{"name":"wp","href":"https:\/\/api.w.org\/{rel}","templated":true}]}}