{"id":386,"date":"2024-05-16T15:39:56","date_gmt":"2024-05-16T15:39:56","guid":{"rendered":"https:\/\/explorum.ca\/contact\/"},"modified":"2025-10-28T15:30:17","modified_gmt":"2025-10-28T15:30:17","slug":"contact","status":"publish","type":"page","link":"https:\/\/explorum.ca\/fr\/contact\/","title":{"rendered":"Contact"},"content":{"rendered":"\t\t<div data-elementor-type=\"wp-page\" data-elementor-id=\"386\" class=\"elementor elementor-386 elementor-22\" data-elementor-post-type=\"page\">\n\t\t\t\t<div class=\"elementor-element elementor-element-15ffccef e-flex e-con-boxed e-con e-parent\" data-id=\"15ffccef\" data-element_type=\"container\" data-e-type=\"container\" data-settings=\"{&quot;background_background&quot;:&quot;classic&quot;}\">\n\t\t\t\t\t<div class=\"e-con-inner\">\n\t\t\t\t\t<\/div>\n\t\t\t\t<\/div>\n\t\t<div class=\"elementor-element elementor-element-19202d88 e-flex e-con-boxed e-con e-parent\" data-id=\"19202d88\" data-element_type=\"container\" data-e-type=\"container\" data-settings=\"{&quot;background_background&quot;:&quot;classic&quot;}\">\n\t\t\t\t\t<div class=\"e-con-inner\">\n\t\t<div class=\"elementor-element elementor-element-ccf6d4d e-con-full elementor-hidden-desktop elementor-hidden-tablet elementor-hidden-mobile e-flex e-con e-child\" data-id=\"ccf6d4d\" data-element_type=\"container\" data-e-type=\"container\" data-settings=\"{&quot;background_background&quot;:&quot;classic&quot;}\">\n\t\t<div class=\"elementor-element elementor-element-1d5fda1 e-con-full e-flex e-con e-child\" data-id=\"1d5fda1\" data-element_type=\"container\" data-e-type=\"container\">\n\t\t\t\t<div class=\"elementor-element elementor-element-f782fc4 elementor-widget elementor-widget-heading\" data-id=\"f782fc4\" data-element_type=\"widget\" data-e-type=\"widget\" data-widget_type=\"heading.default\">\n\t\t\t\t<div class=\"elementor-widget-container\">\n\t\t\t\t\t<h2 class=\"elementor-heading-title elementor-size-default\">JOBS | CARI\u00c8RRES<\/h2>\t\t\t\t<\/div>\n\t\t\t\t<\/div>\n\t\t\t\t<div class=\"elementor-element elementor-element-0d255dc elementor-widget elementor-widget-text-editor\" data-id=\"0d255dc\" data-element_type=\"widget\" data-e-type=\"widget\" data-widget_type=\"text-editor.default\">\n\t\t\t\t<div class=\"elementor-widget-container\">\n\t\t\t\t\t\t\t\t\t<p data-sourcepos=\"21:1-21:27\"><strong>EXPLORUM recrute !<\/strong><\/p><p data-sourcepos=\"23:1-23:70\">Nous recrutons un.e moniteur.trice de camps \u00e0 temps partiel dans le Grand Toronto !<\/p><p data-sourcepos=\"25:1-25:152\">Si vous parlez fran\u00e7ais, aimez les enfants, l\u2019\u00e9ducation, \u00eates disponible en juillet\/ao\u00fbt, et \u00eates v\u00e9hicul\u00e9, envoyez-nous un message !  <\/p><p data-sourcepos=\"27:1-27:245\">Parfait pour les profs qui veulent s\u2019occuper quelques jours, pour les candidats \u00e0 un programme d\u2019\u00e9ducation qui esp\u00e8rent varier leur exp\u00e9rience, les retrait\u00e9s qui ont envie de reprendre contact avec les enfants ou les universitaires qui ont besoin de quelques heures de travail suppl\u00e9mentaire cet \u00e9t\u00e9 ! Contactez-nous !<\/p><p data-sourcepos=\"27:1-27:245\">Contactez-nous \u00e0 <a href=\"mailto:info@explorum.ca\">info@explorum.ca<\/a><\/p><p data-sourcepos=\"27:1-27:245\"><a href=\"https:\/\/explorum.ca\/wp-content\/uploads\/2025\/06\/PosteEteAnimGen_25-2.pdf\">Description de poste (en fran\u00e7ais)<\/a><\/p>\t\t\t\t\t\t\t\t<\/div>\n\t\t\t\t<\/div>\n\t\t\t\t<\/div>\n\t\t\t\t<\/div>\n\t\t\t\t<div class=\"elementor-element elementor-element-72e0fb78 elementor-button-align-stretch elementor-widget elementor-widget-form\" data-id=\"72e0fb78\" data-element_type=\"widget\" data-e-type=\"widget\" data-settings=\"{&quot;step_next_label&quot;:&quot;Suivant&quot;,&quot;step_previous_label&quot;:&quot;Pr\\u00e9c\\u00e9dent&quot;,&quot;button_width&quot;:&quot;100&quot;,&quot;step_type&quot;:&quot;number_text&quot;,&quot;step_icon_shape&quot;:&quot;circle&quot;}\" data-widget_type=\"form.default\">\n\t\t\t\t<div class=\"elementor-widget-container\">\n\t\t\t\t\t\t\t<form class=\"elementor-form\" method=\"post\" name=\"Formulaire de contact\" aria-label=\"Formulaire de contact\">\n\t\t\t<input type=\"hidden\" name=\"post_id\" value=\"386\"\/>\n\t\t\t<input type=\"hidden\" name=\"form_id\" value=\"72e0fb78\"\/>\n\t\t\t<input type=\"hidden\" name=\"referer_title\" value=\"Contact - Explorum\" \/>\n\n\t\t\t\t\t\t\t<input type=\"hidden\" name=\"queried_id\" value=\"386\"\/>\n\t\t\t\n\t\t\t<div class=\"elementor-form-fields-wrapper elementor-labels-above\">\n\t\t\t\t\t\t\t\t<div class=\"elementor-field-type-text elementor-field-group elementor-column elementor-field-group-email elementor-col-100 elementor-field-required elementor-mark-required\">\n\t\t\t\t\t\t\t\t\t\t\t\t<label for=\"form-field-email\" class=\"elementor-field-label\">\n\t\t\t\t\t\t\t\tPr\u00e9nom | Nom\t\t\t\t\t\t\t<\/label>\n\t\t\t\t\t\t\t\t\t\t\t\t\t\t<input size=\"1\" type=\"text\" name=\"form_fields[email]\" id=\"form-field-email\" class=\"elementor-field elementor-size-sm  elementor-field-textual\" required=\"required\">\n\t\t\t\t\t\t\t\t\t\t\t<\/div>\n\t\t\t\t\t\t\t\t<div class=\"elementor-field-type-text elementor-field-group elementor-column elementor-field-group-field_f693d96 elementor-col-100 elementor-field-required elementor-mark-required\">\n\t\t\t\t\t\t\t\t\t\t\t\t<label for=\"form-field-field_f693d96\" class=\"elementor-field-label\">\n\t\t\t\t\t\t\t\tQui \u00eates-vous ?\t\t\t\t\t\t\t<\/label>\n\t\t\t\t\t\t\t\t\t\t\t\t\t\t<input size=\"1\" type=\"text\" name=\"form_fields[field_f693d96]\" id=\"form-field-field_f693d96\" class=\"elementor-field elementor-size-sm  elementor-field-textual\" placeholder=\"Prof, Parent, Administration d&#039;\u00e9cole, Camp...\" required=\"required\">\n\t\t\t\t\t\t\t\t\t\t\t<\/div>\n\t\t\t\t\t\t\t\t<div class=\"elementor-field-type-email elementor-field-group elementor-column elementor-field-group-message elementor-col-50 elementor-field-required elementor-mark-required\">\n\t\t\t\t\t\t\t\t\t\t\t\t<label for=\"form-field-message\" class=\"elementor-field-label\">\n\t\t\t\t\t\t\t\tCourriel\t\t\t\t\t\t\t<\/label>\n\t\t\t\t\t\t\t\t\t\t\t\t\t\t<input size=\"1\" type=\"email\" name=\"form_fields[message]\" id=\"form-field-message\" class=\"elementor-field elementor-size-sm  elementor-field-textual\" required=\"required\">\n\t\t\t\t\t\t\t\t\t\t\t<\/div>\n\t\t\t\t\t\t\t\t<div class=\"elementor-field-type-tel elementor-field-group elementor-column elementor-field-group-field_0a08ca5 elementor-col-50 elementor-field-required elementor-mark-required\">\n\t\t\t\t\t\t\t\t\t\t\t\t<label for=\"form-field-field_0a08ca5\" class=\"elementor-field-label\">\n\t\t\t\t\t\t\t\tNum\u00e9ro de t\u00e9l\u00e9phone\t\t\t\t\t\t\t<\/label>\n\t\t\t\t\t\t\t\t<input size=\"1\" type=\"tel\" name=\"form_fields[field_0a08ca5]\" id=\"form-field-field_0a08ca5\" class=\"elementor-field elementor-size-sm  elementor-field-textual\" required=\"required\" pattern=\"[0-9()#&amp;+*-=.]+\" title=\"Seuls les caract\u00e8res de num\u00e9ros de t\u00e9l\u00e9phone (#, -, *, etc.) sont accept\u00e9s.\">\n\n\t\t\t\t\t\t<\/div>\n\t\t\t\t\t\t\t\t<div class=\"elementor-field-type-select elementor-field-group elementor-column elementor-field-group-field_757a417 elementor-col-50 elementor-field-required elementor-mark-required\">\n\t\t\t\t\t\t\t\t\t\t\t\t<label for=\"form-field-field_757a417\" class=\"elementor-field-label\">\n\t\t\t\t\t\t\t\tQuel service vous int\u00e9resse ? \t\t\t\t\t\t\t<\/label>\n\t\t\t\t\t\t\t\t<div class=\"elementor-field elementor-select-wrapper remove-before \">\n\t\t\t<div class=\"select-caret-down-wrapper\">\n\t\t\t\t<svg aria-hidden=\"true\" class=\"e-font-icon-svg e-eicon-caret-down\" viewBox=\"0 0 571.4 571.4\" xmlns=\"http:\/\/www.w3.org\/2000\/svg\"><path d=\"M571 393Q571 407 561 418L311 668Q300 679 286 679T261 668L11 418Q0 407 0 393T11 368 36 357H536Q550 357 561 368T571 393Z\"><\/path><\/svg>\t\t\t<\/div>\n\t\t\t<select name=\"form_fields[field_757a417]\" id=\"form-field-field_757a417\" class=\"elementor-field-textual elementor-size-sm\" required=\"required\">\n\t\t\t\t\t\t\t\t\t<option value=\"Veuillez choisir parmi la liste\">Veuillez choisir parmi la liste<\/option>\n\t\t\t\t\t\t\t\t\t<option value=\"NOUVEAU !! Les samedis scientifiques\">NOUVEAU !! Les samedis scientifiques<\/option>\n\t\t\t\t\t\t\t\t\t<option value=\"Exploration en classe\">Exploration en classe<\/option>\n\t\t\t\t\t\t\t\t\t<option value=\"Programme apr\u00e8s l&#039;\u00e9cole\">Programme apr\u00e8s l&#039;\u00e9cole<\/option>\n\t\t\t\t\t\t\t\t\t<option value=\"Activit\u00e9s pendant la pause d\u00e9jeuner\">Activit\u00e9s pendant la pause d\u00e9jeuner<\/option>\n\t\t\t\t\t\t\t\t\t<option value=\"Camps (vacances, jours de cong\u00e9 scolaire)\">Camps (vacances, jours de cong\u00e9 scolaire)<\/option>\n\t\t\t\t\t\t\t\t\t<option value=\"\u00c9v\u00e9nements scolaires ou festivals\">\u00c9v\u00e9nements scolaires ou festivals<\/option>\n\t\t\t\t\t\t\t\t\t<option value=\"F\u00eates d&#039;anniversaire\">F\u00eates d&#039;anniversaire<\/option>\n\t\t\t\t\t\t\t\t\t<option value=\"\u00c9v\u00e9nements d&#039;entreprise ou familiaux\">\u00c9v\u00e9nements d&#039;entreprise ou familiaux<\/option>\n\t\t\t\t\t\t\t\t\t<option value=\"Autre \">Autre <\/option>\n\t\t\t\t\t\t\t<\/select>\n\t\t<\/div>\n\t\t\t\t\t\t<\/div>\n\t\t\t\t\t\t\t\t<div class=\"elementor-field-type-textarea elementor-field-group elementor-column elementor-field-group-field_665a7c8 elementor-col-100 elementor-field-required elementor-mark-required\">\n\t\t\t\t\t\t\t\t\t\t\t\t<label for=\"form-field-field_665a7c8\" class=\"elementor-field-label\">\n\t\t\t\t\t\t\t\tMessage\t\t\t\t\t\t\t<\/label>\n\t\t\t\t\t\t<textarea class=\"elementor-field-textual elementor-field  elementor-size-sm\" name=\"form_fields[field_665a7c8]\" id=\"form-field-field_665a7c8\" rows=\"4\" required=\"required\"><\/textarea>\t\t\t\t<\/div>\n\t\t\t\t\t\t\t\t<div class=\"elementor-field-type-recaptcha_v3 elementor-field-group elementor-column elementor-field-group-field_5e7fe6c elementor-col-100 recaptcha_v3-bottomleft\">\n\t\t\t\t\t<div class=\"elementor-field\" id=\"form-field-field_5e7fe6c\"><div class=\"elementor-g-recaptcha\" data-sitekey=\"6Ldl1FQrAAAAAOW74zSIcqvOQlGn0YIVzP6gbiDd\" data-type=\"v3\" data-action=\"Form\" data-badge=\"bottomleft\" data-size=\"invisible\"><\/div><\/div>\t\t\t\t<\/div>\n\t\t\t\t\t\t\t\t<div class=\"elementor-field-type-radio elementor-field-group elementor-column elementor-field-group-field_24c9bcc elementor-col-100 elementor-field-required elementor-mark-required\">\n\t\t\t\t\t\t\t\t\t\t\t\t<label for=\"form-field-field_24c9bcc\" class=\"elementor-field-label\">\n\t\t\t\t\t\t\t\tPouvons-nous vous ajouter \u00e0 notre liste de courrier \u00e9lectronique ? EXPLORUM promet de ne pas partager vos donn\u00e9es avec qui que ce soit. Nous vous enverrons des renseignements sur nos programmes \u00e0 venir ; des messages pas tr\u00e8s fr\u00e9quent, ni tr\u00e8s longs !   \t\t\t\t\t\t\t<\/label>\n\t\t\t\t\t\t<div class=\"elementor-field-subgroup  \"><span class=\"elementor-field-option\"><input type=\"radio\" value=\"oui\" id=\"form-field-field_24c9bcc-0\" name=\"form_fields[field_24c9bcc]\" required=\"required\"> <label for=\"form-field-field_24c9bcc-0\">oui<\/label><\/span><span class=\"elementor-field-option\"><input type=\"radio\" value=\"non\" id=\"form-field-field_24c9bcc-1\" name=\"form_fields[field_24c9bcc]\" required=\"required\"> <label for=\"form-field-field_24c9bcc-1\">non<\/label><\/span><\/div>\t\t\t\t<\/div>\n\t\t\t\t\t\t\t\t<div class=\"elementor-field-type-text elementor-field-group elementor-column elementor-field-group-field_3c15def elementor-col-100 elementor-field-required elementor-mark-required\">\n\t\t\t\t\t\t\t\t\t\t\t\t<label for=\"form-field-field_3c15def\" class=\"elementor-field-label\">\n\t\t\t\t\t\t\t\tNous sommes curieux\u2026 comment avez-vous entendu parler de nous ? \t\t\t\t\t\t\t<\/label>\n\t\t\t\t\t\t\t\t\t\t\t\t\t\t<input size=\"1\" type=\"text\" name=\"form_fields[field_3c15def]\" id=\"form-field-field_3c15def\" class=\"elementor-field elementor-size-sm  elementor-field-textual\" required=\"required\">\n\t\t\t\t\t\t\t\t\t\t\t<\/div>\n\t\t\t\t\t\t\t\t<div class=\"elementor-field-group elementor-column elementor-field-type-submit elementor-col-100 e-form__buttons\">\n\t\t\t\t\t<button class=\"elementor-button elementor-size-sm\" type=\"submit\">\n\t\t\t\t\t\t<span class=\"elementor-button-content-wrapper\">\n\t\t\t\t\t\t\t\t\t\t\t\t\t\t\t\t\t\t\t\t\t\t<span class=\"elementor-button-text\">Soumettre<\/span>\n\t\t\t\t\t\t\t\t\t\t\t\t\t<\/span>\n\t\t\t\t\t<\/button>\n\t\t\t\t<\/div>\n\t\t\t<\/div>\n\t\t<\/form>\n\t\t\t\t\t\t<\/div>\n\t\t\t\t<\/div>\n\t\t\t\t\t<\/div>\n\t\t\t\t<\/div>\n\t\t<div class=\"elementor-element elementor-element-655faa56 e-flex e-con-boxed e-con e-parent\" data-id=\"655faa56\" data-element_type=\"container\" data-e-type=\"container\">\n\t\t\t\t\t<div class=\"e-con-inner\">\n\t\t<div class=\"elementor-element elementor-element-4184e4e9 e-con-full e-flex e-con e-child\" data-id=\"4184e4e9\" data-element_type=\"container\" data-e-type=\"container\" data-settings=\"{&quot;background_background&quot;:&quot;classic&quot;}\">\n\t\t\t\t<div class=\"elementor-element elementor-element-7a66ede0 elementor-widget elementor-widget-heading\" data-id=\"7a66ede0\" data-element_type=\"widget\" data-e-type=\"widget\" data-widget_type=\"heading.default\">\n\t\t\t\t<div class=\"elementor-widget-container\">\n\t\t\t\t\t<h2 class=\"elementor-heading-title elementor-size-default\">Merci \n<\/h2>\t\t\t\t<\/div>\n\t\t\t\t<\/div>\n\t\t\t\t<div class=\"elementor-element elementor-element-1a6717af elementor-widget__width-inherit elementor-widget elementor-widget-text-editor\" data-id=\"1a6717af\" data-element_type=\"widget\" data-e-type=\"widget\" data-widget_type=\"text-editor.default\">\n\t\t\t\t<div class=\"elementor-widget-container\">\n\t\t\t\t\t\t\t\t\t<p>Ravi d&#8217;avoir de vos nouvelles ! Nous vous contacterons rapidement ! <\/p>\t\t\t\t\t\t\t\t<\/div>\n\t\t\t\t<\/div>\n\t\t\t\t<\/div>\n\t\t<div class=\"elementor-element elementor-element-b857fea e-con-full e-flex e-con e-child\" data-id=\"b857fea\" data-element_type=\"container\" data-e-type=\"container\">\n\t\t\t\t<\/div>\n\t\t\t\t\t<\/div>\n\t\t\t\t<\/div>\n\t\t\t\t<\/div>\n\t\t","protected":false},"excerpt":{"rendered":"<p>JOBS | CARI\u00c8RRES EXPLORUM recrute ! Nous recrutons un.e moniteur.trice de camps \u00e0 temps partiel dans le Grand Toronto ! Si vous parlez fran\u00e7ais, aimez les enfants, l\u2019\u00e9ducation, \u00eates disponible en juillet\/ao\u00fbt, et \u00eates v\u00e9hicul\u00e9, envoyez-nous un message ! Parfait pour les profs qui veulent s\u2019occuper quelques jours, pour les candidats \u00e0 un programme d\u2019\u00e9ducation [&hellip;]<\/p>\n","protected":false},"author":3,"featured_media":0,"parent":0,"menu_order":0,"comment_status":"closed","ping_status":"closed","template":"","meta":{"footnotes":""},"class_list":["post-386","page","type-page","status-publish","hentry"],"yoast_head":"<!-- This site is optimized with the Yoast SEO plugin v27.5 - https:\/\/yoast.com\/product\/yoast-seo-wordpress\/ -->\n<title>Contact - Explorum<\/title>\n<meta name=\"description\" content=\"Contactez-nous pour plus d&#039;information sur nos programmes : Samedis scientastiques, EXPLORation en classe, Programmes de garderie et plus !\" \/>\n<meta name=\"robots\" content=\"index, follow, max-snippet:-1, max-image-preview:large, max-video-preview:-1\" \/>\n<link rel=\"canonical\" href=\"https:\/\/explorum.ca\/fr\/contact\/\" \/>\n<meta property=\"og:locale\" content=\"fr_FR\" \/>\n<meta property=\"og:type\" content=\"article\" \/>\n<meta property=\"og:title\" content=\"Contact - Explorum\" \/>\n<meta property=\"og:description\" content=\"Contactez-nous pour plus d&#039;information sur nos programmes : Samedis scientastiques, EXPLORation en classe, Programmes de garderie et plus !\" \/>\n<meta property=\"og:url\" content=\"https:\/\/explorum.ca\/fr\/contact\/\" \/>\n<meta property=\"og:site_name\" content=\"Explorum\" \/>\n<meta property=\"article:publisher\" content=\"https:\/\/www.facebook.com\/explorum.ca\" \/>\n<meta property=\"article:modified_time\" content=\"2025-10-28T15:30:17+00:00\" \/>\n<meta name=\"twitter:card\" content=\"summary_large_image\" \/>\n<meta name=\"twitter:label1\" content=\"Dur\u00e9e de lecture estim\u00e9e\" \/>\n\t<meta name=\"twitter:data1\" content=\"1 minute\" \/>\n<script type=\"application\/ld+json\" class=\"yoast-schema-graph\">{\"@context\":\"https:\\\/\\\/schema.org\",\"@graph\":[{\"@type\":\"WebPage\",\"@id\":\"https:\\\/\\\/explorum.ca\\\/fr\\\/contact\\\/\",\"url\":\"https:\\\/\\\/explorum.ca\\\/fr\\\/contact\\\/\",\"name\":\"Contact - Explorum\",\"isPartOf\":{\"@id\":\"https:\\\/\\\/explorum.ca\\\/fr\\\/#website\"},\"datePublished\":\"2024-05-16T15:39:56+00:00\",\"dateModified\":\"2025-10-28T15:30:17+00:00\",\"description\":\"Contactez-nous pour plus d'information sur nos programmes : Samedis scientastiques, EXPLORation en classe, Programmes de garderie et plus !\",\"breadcrumb\":{\"@id\":\"https:\\\/\\\/explorum.ca\\\/fr\\\/contact\\\/#breadcrumb\"},\"inLanguage\":\"fr-FR\",\"potentialAction\":[{\"@type\":\"ReadAction\",\"target\":[\"https:\\\/\\\/explorum.ca\\\/fr\\\/contact\\\/\"]}]},{\"@type\":\"BreadcrumbList\",\"@id\":\"https:\\\/\\\/explorum.ca\\\/fr\\\/contact\\\/#breadcrumb\",\"itemListElement\":[{\"@type\":\"ListItem\",\"position\":1,\"name\":\"Home\",\"item\":\"https:\\\/\\\/explorum.ca\\\/fr\\\/\"},{\"@type\":\"ListItem\",\"position\":2,\"name\":\"Contact\"}]},{\"@type\":\"WebSite\",\"@id\":\"https:\\\/\\\/explorum.ca\\\/fr\\\/#website\",\"url\":\"https:\\\/\\\/explorum.ca\\\/fr\\\/\",\"name\":\"https:\\\/\\\/www.explorum.ca\",\"description\":\"\",\"publisher\":{\"@id\":\"https:\\\/\\\/explorum.ca\\\/fr\\\/#organization\"},\"potentialAction\":[{\"@type\":\"SearchAction\",\"target\":{\"@type\":\"EntryPoint\",\"urlTemplate\":\"https:\\\/\\\/explorum.ca\\\/fr\\\/?s={search_term_string}\"},\"query-input\":{\"@type\":\"PropertyValueSpecification\",\"valueRequired\":true,\"valueName\":\"search_term_string\"}}],\"inLanguage\":\"fr-FR\"},{\"@type\":\"Organization\",\"@id\":\"https:\\\/\\\/explorum.ca\\\/fr\\\/#organization\",\"name\":\"EXPLORUM\",\"url\":\"https:\\\/\\\/explorum.ca\\\/fr\\\/\",\"logo\":{\"@type\":\"ImageObject\",\"inLanguage\":\"fr-FR\",\"@id\":\"https:\\\/\\\/explorum.ca\\\/fr\\\/#\\\/schema\\\/logo\\\/image\\\/\",\"url\":\"https:\\\/\\\/explorum.ca\\\/wp-content\\\/uploads\\\/2024\\\/05\\\/cropped-Explorum_tag_Hor-R.png\",\"contentUrl\":\"https:\\\/\\\/explorum.ca\\\/wp-content\\\/uploads\\\/2024\\\/05\\\/cropped-Explorum_tag_Hor-R.png\",\"width\":1450,\"height\":271,\"caption\":\"EXPLORUM\"},\"image\":{\"@id\":\"https:\\\/\\\/explorum.ca\\\/fr\\\/#\\\/schema\\\/logo\\\/image\\\/\"},\"sameAs\":[\"https:\\\/\\\/www.facebook.com\\\/explorum.ca\",\"https:\\\/\\\/www.instagram.com\\\/explorum_fr\\\/\",\"https:\\\/\\\/share.google\\\/Q7GPgMvpIzBiAq17L\"]}]}<\/script>\n<!-- \/ Yoast SEO plugin. -->","yoast_head_json":{"title":"Contact - Explorum","description":"Contactez-nous pour plus d'information sur nos programmes : Samedis scientastiques, EXPLORation en classe, Programmes de garderie et plus !","robots":{"index":"index","follow":"follow","max-snippet":"max-snippet:-1","max-image-preview":"max-image-preview:large","max-video-preview":"max-video-preview:-1"},"canonical":"https:\/\/explorum.ca\/fr\/contact\/","og_locale":"fr_FR","og_type":"article","og_title":"Contact - Explorum","og_description":"Contactez-nous pour plus d'information sur nos programmes : Samedis scientastiques, EXPLORation en classe, Programmes de garderie et plus !","og_url":"https:\/\/explorum.ca\/fr\/contact\/","og_site_name":"Explorum","article_publisher":"https:\/\/www.facebook.com\/explorum.ca","article_modified_time":"2025-10-28T15:30:17+00:00","twitter_card":"summary_large_image","twitter_misc":{"Dur\u00e9e de lecture estim\u00e9e":"1 minute"},"schema":{"@context":"https:\/\/schema.org","@graph":[{"@type":"WebPage","@id":"https:\/\/explorum.ca\/fr\/contact\/","url":"https:\/\/explorum.ca\/fr\/contact\/","name":"Contact - Explorum","isPartOf":{"@id":"https:\/\/explorum.ca\/fr\/#website"},"datePublished":"2024-05-16T15:39:56+00:00","dateModified":"2025-10-28T15:30:17+00:00","description":"Contactez-nous pour plus d'information sur nos programmes : Samedis scientastiques, EXPLORation en classe, Programmes de garderie et plus !","breadcrumb":{"@id":"https:\/\/explorum.ca\/fr\/contact\/#breadcrumb"},"inLanguage":"fr-FR","potentialAction":[{"@type":"ReadAction","target":["https:\/\/explorum.ca\/fr\/contact\/"]}]},{"@type":"BreadcrumbList","@id":"https:\/\/explorum.ca\/fr\/contact\/#breadcrumb","itemListElement":[{"@type":"ListItem","position":1,"name":"Home","item":"https:\/\/explorum.ca\/fr\/"},{"@type":"ListItem","position":2,"name":"Contact"}]},{"@type":"WebSite","@id":"https:\/\/explorum.ca\/fr\/#website","url":"https:\/\/explorum.ca\/fr\/","name":"https:\/\/www.explorum.ca","description":"","publisher":{"@id":"https:\/\/explorum.ca\/fr\/#organization"},"potentialAction":[{"@type":"SearchAction","target":{"@type":"EntryPoint","urlTemplate":"https:\/\/explorum.ca\/fr\/?s={search_term_string}"},"query-input":{"@type":"PropertyValueSpecification","valueRequired":true,"valueName":"search_term_string"}}],"inLanguage":"fr-FR"},{"@type":"Organization","@id":"https:\/\/explorum.ca\/fr\/#organization","name":"EXPLORUM","url":"https:\/\/explorum.ca\/fr\/","logo":{"@type":"ImageObject","inLanguage":"fr-FR","@id":"https:\/\/explorum.ca\/fr\/#\/schema\/logo\/image\/","url":"https:\/\/explorum.ca\/wp-content\/uploads\/2024\/05\/cropped-Explorum_tag_Hor-R.png","contentUrl":"https:\/\/explorum.ca\/wp-content\/uploads\/2024\/05\/cropped-Explorum_tag_Hor-R.png","width":1450,"height":271,"caption":"EXPLORUM"},"image":{"@id":"https:\/\/explorum.ca\/fr\/#\/schema\/logo\/image\/"},"sameAs":["https:\/\/www.facebook.com\/explorum.ca","https:\/\/www.instagram.com\/explorum_fr\/","https:\/\/share.google\/Q7GPgMvpIzBiAq17L"]}]}},"_links":{"self":[{"href":"https:\/\/explorum.ca\/fr\/wp-json\/wp\/v2\/pages\/386","targetHints":{"allow":["GET"]}}],"collection":[{"href":"https:\/\/explorum.ca\/fr\/wp-json\/wp\/v2\/pages"}],"about":[{"href":"https:\/\/explorum.ca\/fr\/wp-json\/wp\/v2\/types\/page"}],"author":[{"embeddable":true,"href":"https:\/\/explorum.ca\/fr\/wp-json\/wp\/v2\/users\/3"}],"replies":[{"embeddable":true,"href":"https:\/\/explorum.ca\/fr\/wp-json\/wp\/v2\/comments?post=386"}],"version-history":[{"count":44,"href":"https:\/\/explorum.ca\/fr\/wp-json\/wp\/v2\/pages\/386\/revisions"}],"predecessor-version":[{"id":7353,"href":"https:\/\/explorum.ca\/fr\/wp-json\/wp\/v2\/pages\/386\/revisions\/7353"}],"wp:attachment":[{"href":"https:\/\/explorum.ca\/fr\/wp-json\/wp\/v2\/media?parent=386"}],"curies":[{"name":"wp","href":"https:\/\/api.w.org\/{rel}","templated":true}]}}